{"id":56,"date":"2024-05-08T12:44:25","date_gmt":"2024-05-08T12:44:25","guid":{"rendered":"https:\/\/baleareslovers.com\/politik\/"},"modified":"2024-05-08T12:44:44","modified_gmt":"2024-05-08T12:44:44","slug":"politik","status":"publish","type":"page","link":"https:\/\/baleareslovers.com\/da\/politik\/","title":{"rendered":"Juridisk meddelelse, brugsbetingelser og privatlivspolitik"},"content":{"rendered":"\n<p>F\u00f8lgende politikker kan \u00e6ndres uden varsel. De blev sidst opdateret den 8. maj 2024. Hvis du har sp\u00f8rgsm\u00e5l, bedes du kontakte os via formularen nederst p\u00e5 siden.<\/p>\n\n<h2 class=\"wp-block-heading\">Juridisk information<\/h2>\n\n<p>Udgiver og leder af webstedet :<\/p>\n\n<p>Claire Robinson &#8211; 76600 Le Havre &#8211; Claire(at)regionlovers.fr<\/p>\n\n<p>V\u00e6rt af :<\/p>\n\n<p>WP Engine &#8211; Texas &#8211; USA &#8211; <a href=\"https:\/\/wpengine.com\/contact\/\" rel=\"noreferrer noopener\" target=\"_blank\">Kontakt<\/a><\/p>\n\n<p><strong>Virksomhed :<\/strong><\/p>\n\n<p>Region Lovers SAS<br\/>2 rue des sauveteurs<br\/>76600 Le Havre<br\/>Aktiekapital 6.000 euro<br\/>MOMS FR21845103191<\/p>\n\n<hr class=\"wp-block-separator has-alpha-channel-opacity\"\/>\n\n<h2 class=\"wp-block-heading\">Fortrolighed<\/h2>\n\n<p>L\u00e6s venligst denne privatlivspolitik omhyggeligt for at forst\u00e5, hvordan Baleares Lovers (hjemmesiden) indhenter, bruger, beskytter og generelt h\u00e5ndterer dine personligt identificerbare oplysninger, n\u00e5r du bruger denne hjemmeside.<\/p>\n\n<p><strong>Hvilke personlige oplysninger indsamles fra bes\u00f8gende p\u00e5 min hjemmeside?<\/strong><\/p>\n\n<p>N\u00e5r du kommer med en kommentar, afgiver en ordre eller skriver en e-mail til os, kan du afh\u00e6ngigt af tilf\u00e6ldet blive bedt om dit navn, din e-mailadresse eller andre oplysninger, der kan hj\u00e6lpe dig med din oplevelse.<\/p>\n\n<p><strong>Hvorn\u00e5r hentes disse oplysninger?<\/strong><\/p>\n\n<p>Vi indsamler dine oplysninger, n\u00e5r du abonnerer p\u00e5 et nyhedsbrev eller e-mailopdateringer, n\u00e5r du foretager et k\u00f8b, n\u00e5r du svarer p\u00e5 en unders\u00f8gelse, eller n\u00e5r du indtaster oplysninger p\u00e5 dette websted (for eksempel for at skrive en kommentar).<\/p>\n\n<p><strong>Hvordan bruges disse oplysninger?<\/strong><\/p>\n\n<p>Vi kan bruge disse oplysninger p\u00e5 f\u00f8lgende m\u00e5der:<\/p>\n\n<ul class=\"wp-block-list\">\n<li>Til at personligg\u00f8re og levere den type indhold og produkter, der interesserer dig mest.<\/li>\n\n\n\n<li>For at forbedre webstedet og give dig bedre information.<\/li>\n\n\n\n<li>At sende periodiske e-mails om webstedet eller andre produkter og tjenester.<\/li>\n<\/ul>\n\n<p>Vi<strong>vil aldrig s\u00e6lge<\/strong> eller videregive dine oplysninger, og hvis du p\u00e5 noget tidspunkt \u00f8nsker at afmelde dig e-mailkommunikation, kan du g\u00f8re det ved at bruge linket i slutningen af hver e-mail.<\/p>\n\n<p>Hvis du gerne vil vide mere om brugen og opbevaringen af dine data, bedes du bruge formularen i slutningen af denne side til at kontakte os.<\/p>\n\n<p><strong>Hvordan beskyttes oplysninger om bes\u00f8gende p\u00e5 vores hjemmeside?<\/strong><\/p>\n\n<p>Hjemmesiden scannes regelm\u00e6ssigt for at tjekke for sikkerhedsbrister og kendte svagheder for at g\u00f8re dit bes\u00f8g s\u00e5 sikkert som muligt.<\/p>\n\n<p><strong>Bruger jeg cookies?<\/strong><\/p>\n\n<p>Ja, det er det. Cookies er sm\u00e5 filer, som et websted eller dets tjenesteudbyder overf\u00f8rer til din computers harddisk via din webbrowser (hvis du tillader det), og som g\u00f8r det muligt for webstedet eller tjenesteudbyderen at genkende din browser og registrere og huske visse oplysninger. For eksempel kan et websted bruge cookies til at hj\u00e6lpe med at huske og behandle varerne i din indk\u00f8bskurv. De bruges ogs\u00e5 til at indsamle og analysere trafikdata og interaktioner p\u00e5 webstedet for at give bedre oplevelser p\u00e5 vores websted og bedre v\u00e6rkt\u00f8jer i fremtiden.<\/p>\n\n<p>Baleares Lovers bruger hovedsageligt cookies til at indsamle og analysere trafikdata og interaktioner p\u00e5 webstedet for at give bedre oplevelser og v\u00e6rkt\u00f8jer p\u00e5 webstedet i fremtiden. Vi har ogs\u00e5 affiliate-cookies fra hjemmesider, der anbefaler mine rejseguides. Vi kan ogs\u00e5 bruge tjenester fra p\u00e5lidelige tredjepartssider til at spore disse elementer for mig.<\/p>\n\n<p>Du kan v\u00e6lge at f\u00e5 din computer til at informere dig, hver gang den sender en cookie, eller du kan v\u00e6lge at deaktivere alle cookies. Det g\u00f8r du i indstillingerne i din browser (f.eks. Internet Explorer, Safari eller Google Chrome).<\/p>\n\n<p><strong>Links fra tredjeparter<\/strong><\/p>\n\n<p>Lejlighedsvis kan vi have links i mine artikler til tredjepartswebsteder, deres produkter eller deres tjenester. Disse websteder har uafh\u00e6ngige fortrolighedspolitikker. Baleares Lovers kan ikke holdes ansvarlig for indhold og aktivitet p\u00e5 linkede sider. Vi str\u00e6ber dog efter integritet og accepterer al feedback vedr\u00f8rende disse sider.<\/p>\n\n<p><strong>Leverand\u00f8rer brugt :<\/strong><\/p>\n\n<ul class=\"wp-block-list\">\n<li>For at administrere accept af cookies, Complianz<\/li>\n\n\n\n<li>Gravity Forms til kontaktformularen og tilmeldingsformularen til nyhedsbrevet<\/li>\n\n\n\n<li>For nyhedsbrevet, Mailchimp &#8211; <a href=\"https:\/\/mailchimp.com\/fr\/gdpr\/\" target=\"_blank\" rel=\"noreferrer noopener\">se deres databeskyttelsesaftale<\/a>.<\/li>\n\n\n\n<li>E-b\u00f8ger s\u00e6lges ved hj\u00e6lp af Sendowl-platformen<a href=\"https:\/\/www.sendowl.com\/privacy\" target=\"_blank\" rel=\"noreferrer noopener\">(privatlivspolitik her<\/a>), og kreditkortbetalinger foretages ved hj\u00e6lp af Stripe<a href=\"https:\/\/stripe.com\/en-fr\/privacy\" target=\"_blank\" rel=\"noreferrer noopener\">(privatlivspolitik her<\/a>).<\/li>\n<\/ul>\n\n<hr class=\"wp-block-separator has-alpha-channel-opacity\"\/>\n\n<h2 class=\"wp-block-heading\">Vilk\u00e5r og betingelser for brug<\/h2>\n\n<h3 class=\"wp-block-heading\">Vores tjenester<\/h3>\n\n<p>Vi kan ikke holdes ansvarlige for forsinkelser eller afbrydelser p\u00e5 hjemmesiden. Vi g\u00f8r en kommercielt rimelig indsats for at minimere forsinkelser og afbrydelser. Ikke desto mindre kan vi ikke garantere, at webstedet vil v\u00e6re tilg\u00e6ngeligt hele tiden eller p\u00e5 bestemte tidspunkter.<\/p>\n\n<p>Vi kan til enhver tid og uden at informere dig deaktivere hele eller dele af webstedet. Vi kan dog ikke holdes ansvarlige for eventuelle tab, omkostninger, skader eller forpligtelser som f\u00f8lge af nedlukningen af hjemmesiden.<\/p>\n\n<h3 class=\"wp-block-heading\">Forbudt adf\u00e6rd<\/h3>\n\n<p>I forhold til denne hjemmeside m\u00e5 du ikke :<\/p>\n\n<ul class=\"wp-block-list\">\n<li>Bruge hjemmesiden til nogen aktiviteter eller sende eller overf\u00f8re via hjemmesiden nogen oplysninger eller materialer, der overtr\u00e6der nogen love eller bestemmelser, kr\u00e6nker tredjeparts rettigheder eller er i strid med g\u00e6ldende standarder eller koder;<\/li>\n\n\n\n<li>Bruge webstedet til at sende eller overf\u00f8re materiale, der forstyrrer andre brugere eller \u00e6rekr\u00e6nker, chikanerer, truer, forn\u00e6rmer eller begr\u00e6nser eller forhindrer nogen bruger i at f\u00e5 adgang til webstedet eller internettet;<\/li>\n\n\n\n<li>Brug af hjemmesiden til at sende uopfordrede elektroniske beskeder;<\/li>\n\n\n\n<li>manipulere med, forstyrre eller \u00e6ndre hjemmesiden p\u00e5 nogen som helst m\u00e5de;<\/li>\n\n\n\n<li>bevidst overf\u00f8re virus eller andre invaliderende funktioner til eller via hjemmesiden; eller<\/li>\n\n\n\n<li>Fors\u00f8g p\u00e5 at udf\u00f8re nogen af de ovenn\u00e6vnte handlinger eller at lette eller hj\u00e6lpe en anden person med at udf\u00f8re nogen af de ovenn\u00e6vnte handlinger.<\/li>\n<\/ul>\n\n<h3 class=\"wp-block-heading\">Intellektuel ejendomsret<\/h3>\n\n<p>Materialet p\u00e5 hjemmesiden, herunder software, design, tekst, billeder og grafik, der indg\u00e5r i hjemmesiden, samt udv\u00e6lgelse og layout af hjemmesiden tilh\u00f8rer Baleares Lovers.<\/p>\n\n<p>Din brug af webstedet giver dig ikke nogen licens eller ret til at bruge nogen af de varem\u00e6rker eller logoer, registrerede eller uregistrerede, der er synlige p\u00e5 webstedet uden udtrykkelig skriftlig tilladelse fra varem\u00e6rkeejeren.<\/p>\n\n<p>Vi ejer ophavsretten til alle kreative eller litter\u00e6re v\u00e6rker, der vises p\u00e5 hjemmesiden.<\/p>\n\n<p>Du m\u00e5 ikke :<\/p>\n\n<ul class=\"wp-block-list\">\n<li>Reproducere eller bruge nogen af elementerne p\u00e5 hjemmesiden til kommercielle eller ikke-kommercielle form\u00e5l, herunder salg;<\/li>\n\n\n\n<li>p\u00e5 nogen m\u00e5de \u00e6ndre elementerne p\u00e5 hjemmesiden; eller<\/li>\n\n\n\n<li>Handle p\u00e5 en s\u00e5dan m\u00e5de, at nogen af elementerne p\u00e5 hjemmesiden kan blive fanget eller inkorporeret i en anden hjemmeside.<\/li>\n<\/ul>\n\n<p>Kort sagt m\u00e5 du ikke \u00e6ndre, kopiere, reproducere, genudgive, frame, uploade til en tredjepart, sende, transmittere eller distribuere indholdet p\u00e5 hjemmesiden p\u00e5 nogen m\u00e5de, medmindre det udtrykkeligt er tilladt af os eller udtrykkeligt godkendt af os skriftligt.<\/p>\n\n<p>Hvis du g\u00f8r noget af ovenst\u00e5ende, vil jeg ikke t\u00f8ve med at h\u00e5ndh\u00e6ve vores intellektuelle ejendomsrettigheder over for dig.<\/p>\n\n<h3 class=\"wp-block-heading\"><strong>Kun generel information<\/strong><\/h3>\n\n<p>Vores hensigt med oplysningerne p\u00e5 vores hjemmeside er blot at give et overblik over interessante steder. Oplysningerne p\u00e5 vores hjemmeside er ikke beregnet til at v\u00e6re udt\u00f8mmende, og de udg\u00f8r heller ikke r\u00e5dgivning eller anbefalinger af nogen art. Vi fors\u00f8ger at sikre, at indholdet er opdateret og korrekt, men vi kan ikke garantere dets gyldighed og n\u00f8jagtighed. Du b\u00f8r foretage din egen research og\/eller s\u00f8ge din egen information, f\u00f8r du handler eller stoler p\u00e5 nogen information p\u00e5 vores hjemmeside.<\/p>\n\n<h3 class=\"wp-block-heading\"><strong>Links til tredjeparter<\/strong><\/h3>\n\n<p>Hjemmesiden kan indeholde hypertekstlinks og andre henvisninger til hjemmesider, der drives af tredjeparter (linkede hjemmesider). Vi kontrollerer ikke nogen linkede hjemmesider og er derfor ikke ansvarlige for indholdet af den linkede hjemmeside eller nogen hypertekstlinks, der findes p\u00e5 den linkede hjemmeside. Vi leverer kun hypertekstlinkene for din bekvemmelighed og angiver ikke, udtrykkeligt eller underforst\u00e5et, nogen godkendelse, sponsorering eller godkendelse fra os af nogen linket hjemmeside eller de produkter eller tjenester, der tilbydes af de linkede hjemmesider.<\/p>\n\n<p>Du bes\u00f8ger de linkede hjemmesider helt p\u00e5 egen risiko.<\/p>\n\n<p>Vi giver ingen garanti eller p\u00e5tager os noget ansvar for alle aspekter af linkede hjemmesider og deres indhold.<\/p>\n\n<p>Du b\u00f8r selv unders\u00f8ge egnetheden af de varer og\/eller tjenester, der tilbydes dig via en linket hjemmeside.<\/p>\n\n<h3 class=\"wp-block-heading\">Kompensation<\/h3>\n\n<p>Ved at bruge hjemmesiden accepterer <strong>du<\/strong>Du accepterer at holde os skadesl\u00f8se fra og mod alle handlinger, krav, retssager, krav, skader og for forpligtelser, omkostninger eller udgifter (uanset om det er i erstatning eller i kontrakt, herunder uden begr\u00e6nsning uagtsomhed), der opst\u00e5r som f\u00f8lge af eller i forbindelse med din brug af hjemmesiden.<\/p>\n\n<hr class=\"wp-block-separator has-alpha-channel-opacity\"\/>\n\n<h2 class=\"wp-block-heading\" id=\"tab-con-1\">Offentligg\u00f8relse<\/h2>\n\n<h3 class=\"wp-block-heading\">Partnerskaber<\/h3>\n\n<p>Baleares Lovers arbejder <strong>ikke<\/strong> sammen med brands <strong>eller<\/strong> turistkontorer.<\/p>\n\n<p>Baleares Lovers vil altid give sin sande mening om sine opdagelser, overbevisninger og erfaringer om disse emner. De synspunkter og meninger, der kommer til udtryk p\u00e5 denne blog, tilh\u00f8rer deres respektive forfattere. Enhver erkl\u00e6ring om et produkt, en tjeneste eller en anden genstand skal verificeres hos producenten, leverand\u00f8ren eller den person, der er ansvarlig for det p\u00e5g\u00e6ldende emne.<\/p>\n\n<h3 class=\"wp-block-heading\"><strong>Tilknyttede links<\/strong><\/h3>\n\n<p>I nogle tilf\u00e6lde kan vi inkludere affiliate-links i visse indl\u00e6g, hvor vi anbefaler specifikke produkter eller tjenester. Hvis du k\u00f8ber noget gennem et af disse affiliate-links, modtager vi en lille provision uden ekstra omkostninger for dig.<\/p>\n\n<p>Baleares Lovers deltager i Amazons EU, US, UK, CA Partner Programmes, som er affiliate-programmer, der er designet til at g\u00f8re det muligt for websteder at tjene penge ved at linke til Amazon.<\/p>\n\n<hr class=\"wp-block-separator has-alpha-channel-opacity\"\/>\n\n<h2 class=\"wp-block-heading\" id=\"tab-con-7\">Kontakt<\/h2>\n\n<p><a href=\"https:\/\/baleareslovers.com\/da\/?page_id=47\">Se kontaktformularen<\/a><\/p>\n","protected":false},"excerpt":{"rendered":"<p>F\u00f8lgende politikker kan \u00e6ndres uden varsel. De blev sidst opdateret den 8. maj 2024. Hvis du har sp\u00f8rgsm\u00e5l, bedes du kontakte os via formularen nederst p\u00e5 siden. Juridisk information Udgiver og leder af webstedet : Claire Robinson &#8211; 76600 Le Havre &#8211; Claire(at)regionlovers.fr V\u00e6rt af : WP Engine &#8211; Texas &#8211; USA &#8211; Kontakt Virksomhed [&hellip;]<\/p>\n","protected":false},"author":1,"featured_media":0,"parent":0,"menu_order":0,"comment_status":"closed","ping_status":"closed","template":"","meta":{"_genesis_hide_title":false,"_genesis_hide_breadcrumbs":false,"_genesis_hide_singular_image":false,"_genesis_hide_footer_widgets":false,"_genesis_custom_body_class":"","_genesis_custom_post_class":"","_genesis_layout":"","footnotes":""},"class_list":{"0":"post-56","1":"page","2":"type-page","3":"status-publish","5":"entry"},"yoast_head":"<!-- This site is optimized with the Yoast SEO plugin v25.1 - https:\/\/yoast.com\/wordpress\/plugins\/seo\/ -->\n<title>Juridisk meddelelse, brugsbetingelser og privatlivspolitik<\/title>\n<meta name=\"description\" content=\"Juridisk meddelelse, brugsbetingelser og privatlivspolitik - de Region Lovers\" \/>\n<meta name=\"robots\" content=\"index, follow, max-snippet:-1, max-image-preview:large, max-video-preview:-1\" \/>\n<link rel=\"canonical\" href=\"https:\/\/baleareslovers.com\/da\/politik\/\" \/>\n<meta property=\"og:locale\" content=\"da_DK\" \/>\n<meta property=\"og:type\" content=\"article\" \/>\n<meta property=\"og:title\" content=\"Juridisk meddelelse, brugsbetingelser og privatlivspolitik\" \/>\n<meta property=\"og:description\" content=\"Juridisk meddelelse, brugsbetingelser og privatlivspolitik - de Region Lovers\" \/>\n<meta property=\"og:url\" content=\"https:\/\/baleareslovers.com\/da\/politik\/\" \/>\n<meta property=\"og:site_name\" content=\"Baleares Lovers\" \/>\n<meta property=\"article:modified_time\" content=\"2024-05-08T12:44:44+00:00\" \/>\n<meta name=\"twitter:card\" content=\"summary_large_image\" \/>\n<meta name=\"twitter:label1\" content=\"Estimeret l\u00e6setid\" \/>\n\t<meta name=\"twitter:data1\" content=\"7 minutter\" \/>\n<script type=\"application\/ld+json\" class=\"yoast-schema-graph\">{\"@context\":\"https:\/\/schema.org\",\"@graph\":[{\"@type\":\"WebPage\",\"@id\":\"https:\/\/baleareslovers.com\/da\/politik\/\",\"url\":\"https:\/\/baleareslovers.com\/da\/politik\/\",\"name\":\"Juridisk meddelelse, brugsbetingelser og privatlivspolitik\",\"isPartOf\":{\"@id\":\"https:\/\/baleareslovers.com\/da\/#website\"},\"datePublished\":\"2024-05-08T12:44:25+00:00\",\"dateModified\":\"2024-05-08T12:44:44+00:00\",\"description\":\"Juridisk meddelelse, brugsbetingelser og privatlivspolitik - de Region Lovers\",\"breadcrumb\":{\"@id\":\"https:\/\/baleareslovers.com\/da\/politik\/#breadcrumb\"},\"inLanguage\":\"da-DK\",\"potentialAction\":[{\"@type\":\"ReadAction\",\"target\":[\"https:\/\/baleareslovers.com\/da\/politik\/\"]}]},{\"@type\":\"BreadcrumbList\",\"@id\":\"https:\/\/baleareslovers.com\/da\/politik\/#breadcrumb\",\"itemListElement\":[{\"@type\":\"ListItem\",\"position\":1,\"name\":\"Accueil\",\"item\":\"https:\/\/baleareslovers.com\/da\/\"},{\"@type\":\"ListItem\",\"position\":2,\"name\":\"Juridisk meddelelse, brugsbetingelser og privatlivspolitik\"}]},{\"@type\":\"WebSite\",\"@id\":\"https:\/\/baleareslovers.com\/da\/#website\",\"url\":\"https:\/\/baleareslovers.com\/da\/\",\"name\":\"Baleares Lovers\",\"description\":\"\",\"publisher\":{\"@id\":\"https:\/\/baleareslovers.com\/da\/#organization\"},\"potentialAction\":[{\"@type\":\"SearchAction\",\"target\":{\"@type\":\"EntryPoint\",\"urlTemplate\":\"https:\/\/baleareslovers.com\/da\/?s={search_term_string}\"},\"query-input\":{\"@type\":\"PropertyValueSpecification\",\"valueRequired\":true,\"valueName\":\"search_term_string\"}}],\"inLanguage\":\"da-DK\"},{\"@type\":\"Organization\",\"@id\":\"https:\/\/baleareslovers.com\/da\/#organization\",\"name\":\"Baleares Lovers\",\"url\":\"https:\/\/baleareslovers.com\/da\/\",\"logo\":{\"@type\":\"ImageObject\",\"inLanguage\":\"da-DK\",\"@id\":\"https:\/\/baleareslovers.com\/da\/#\/schema\/logo\/image\/\",\"url\":\"https:\/\/baleareslovers.com\/wp-content\/uploads\/2024\/05\/cropped-Baleares-Lovers-Logos.png\",\"contentUrl\":\"https:\/\/baleareslovers.com\/wp-content\/uploads\/2024\/05\/cropped-Baleares-Lovers-Logos.png\",\"width\":2657,\"height\":456,\"caption\":\"Baleares Lovers\"},\"image\":{\"@id\":\"https:\/\/baleareslovers.com\/da\/#\/schema\/logo\/image\/\"}}]}<\/script>\n<!-- \/ Yoast SEO plugin. -->","yoast_head_json":{"title":"Juridisk meddelelse, brugsbetingelser og privatlivspolitik","description":"Juridisk meddelelse, brugsbetingelser og privatlivspolitik - de Region Lovers","robots":{"index":"index","follow":"follow","max-snippet":"max-snippet:-1","max-image-preview":"max-image-preview:large","max-video-preview":"max-video-preview:-1"},"canonical":"https:\/\/baleareslovers.com\/da\/politik\/","og_locale":"da_DK","og_type":"article","og_title":"Juridisk meddelelse, brugsbetingelser og privatlivspolitik","og_description":"Juridisk meddelelse, brugsbetingelser og privatlivspolitik - de Region Lovers","og_url":"https:\/\/baleareslovers.com\/da\/politik\/","og_site_name":"Baleares Lovers","article_modified_time":"2024-05-08T12:44:44+00:00","twitter_card":"summary_large_image","twitter_misc":{"Estimeret l\u00e6setid":"7 minutter"},"schema":{"@context":"https:\/\/schema.org","@graph":[{"@type":"WebPage","@id":"https:\/\/baleareslovers.com\/da\/politik\/","url":"https:\/\/baleareslovers.com\/da\/politik\/","name":"Juridisk meddelelse, brugsbetingelser og privatlivspolitik","isPartOf":{"@id":"https:\/\/baleareslovers.com\/da\/#website"},"datePublished":"2024-05-08T12:44:25+00:00","dateModified":"2024-05-08T12:44:44+00:00","description":"Juridisk meddelelse, brugsbetingelser og privatlivspolitik - de Region Lovers","breadcrumb":{"@id":"https:\/\/baleareslovers.com\/da\/politik\/#breadcrumb"},"inLanguage":"da-DK","potentialAction":[{"@type":"ReadAction","target":["https:\/\/baleareslovers.com\/da\/politik\/"]}]},{"@type":"BreadcrumbList","@id":"https:\/\/baleareslovers.com\/da\/politik\/#breadcrumb","itemListElement":[{"@type":"ListItem","position":1,"name":"Accueil","item":"https:\/\/baleareslovers.com\/da\/"},{"@type":"ListItem","position":2,"name":"Juridisk meddelelse, brugsbetingelser og privatlivspolitik"}]},{"@type":"WebSite","@id":"https:\/\/baleareslovers.com\/da\/#website","url":"https:\/\/baleareslovers.com\/da\/","name":"Baleares Lovers","description":"","publisher":{"@id":"https:\/\/baleareslovers.com\/da\/#organization"},"potentialAction":[{"@type":"SearchAction","target":{"@type":"EntryPoint","urlTemplate":"https:\/\/baleareslovers.com\/da\/?s={search_term_string}"},"query-input":{"@type":"PropertyValueSpecification","valueRequired":true,"valueName":"search_term_string"}}],"inLanguage":"da-DK"},{"@type":"Organization","@id":"https:\/\/baleareslovers.com\/da\/#organization","name":"Baleares Lovers","url":"https:\/\/baleareslovers.com\/da\/","logo":{"@type":"ImageObject","inLanguage":"da-DK","@id":"https:\/\/baleareslovers.com\/da\/#\/schema\/logo\/image\/","url":"https:\/\/baleareslovers.com\/wp-content\/uploads\/2024\/05\/cropped-Baleares-Lovers-Logos.png","contentUrl":"https:\/\/baleareslovers.com\/wp-content\/uploads\/2024\/05\/cropped-Baleares-Lovers-Logos.png","width":2657,"height":456,"caption":"Baleares Lovers"},"image":{"@id":"https:\/\/baleareslovers.com\/da\/#\/schema\/logo\/image\/"}}]}},"featured_image_src":null,"featured_image_src_square":null,"_links":{"self":[{"href":"https:\/\/baleareslovers.com\/da\/wp-json\/wp\/v2\/pages\/56","targetHints":{"allow":["GET"]}}],"collection":[{"href":"https:\/\/baleareslovers.com\/da\/wp-json\/wp\/v2\/pages"}],"about":[{"href":"https:\/\/baleareslovers.com\/da\/wp-json\/wp\/v2\/types\/page"}],"author":[{"embeddable":true,"href":"https:\/\/baleareslovers.com\/da\/wp-json\/wp\/v2\/users\/1"}],"replies":[{"embeddable":true,"href":"https:\/\/baleareslovers.com\/da\/wp-json\/wp\/v2\/comments?post=56"}],"version-history":[{"count":0,"href":"https:\/\/baleareslovers.com\/da\/wp-json\/wp\/v2\/pages\/56\/revisions"}],"wp:attachment":[{"href":"https:\/\/baleareslovers.com\/da\/wp-json\/wp\/v2\/media?parent=56"}],"curies":[{"name":"wp","href":"https:\/\/api.w.org\/{rel}","templated":true}]}}