{"id":77,"date":"2024-05-08T13:22:32","date_gmt":"2024-05-08T13:22:32","guid":{"rendered":"https:\/\/baleareslovers.com\/om\/"},"modified":"2024-05-08T13:22:42","modified_gmt":"2024-05-08T13:22:42","slug":"om","status":"publish","type":"page","link":"https:\/\/baleareslovers.com\/da\/om\/","title":{"rendered":"Om Baleares Lovers og Region Lovers"},"content":{"rendered":"\n<p>Velkommen til vores hjemmeside,<\/p>\n\n<p>F\u00f8rst og fremmest for at sikre, at du ikke farer vild: <strong>Baleares Lovers <\/strong>er <strong>Region<\/strong> Lovers&#8217; hjemmeside, der er dedikeret til de storsl\u00e5ede Baleariske \u00d8er.<\/p>\n\n<p>Vi er <strong>Claire og Emmanuel Robinson<\/strong>, en s\u00f8ster, en bror, en polyglot, en ordelsker, en rejsende, en livsnyder&#8230;<\/p>\n\n<p>Siden 2013, <a href=\"https:\/\/baleareslovers.com\/claire-robinson\/\" target=\"_blank\" rel=\"noreferrer noopener\">Claire<\/a> udgivet<strong> rejseguider <\/strong>over hele verden, som er blevet <strong>referencer <\/strong>for alle, der elsker roadtrips. I 2022 besluttede <a href=\"https:\/\/baleareslovers.com\/emmanuel-robinson\/\" target=\"_blank\" rel=\"noreferrer noopener\">Emmanuel<\/a> sammen med hende at grundl\u00e6gge <strong>Region Lovers<\/strong>.<\/p>\n\n<p>Vores m\u00e5l? Opret <strong>dedikerede destinationswebsteder<\/strong>, der er designet til at <strong>vejlede dig i dine valg<\/strong> gennem<strong> kvalitetsindhold<\/strong> (ingen sponsorering, rejser, der faktisk er foretaget, strukturerede artikler, &#8220;\u00e6gte certificeret&#8221; garanti).<\/p>\n\n<figure class=\"wp-block-image size-large\"><img decoding=\"async\" src=\"https:\/\/corsicalovers.fr\/wp-content\/uploads\/2023\/03\/emmanuelclaire-1024x684.jpeg\" alt=\"\"\/><\/figure>\n\n<h2 class=\"wp-block-heading\">Oprindelsen af Region Lovers<\/h2>\n\n<p>Region Lovers blev f\u00f8dt i <strong>august 2022<\/strong> ud fra erkendelsen af, at det var sv\u00e6rt for rejsende at tr\u00e6ffe de <strong>valg<\/strong>, der ville give dem mulighed for at sammens\u00e6tte en rejse, der <strong>passede<\/strong> dem.<\/p>\n\n<p>For meget information, spredt over mange platforme, sponsoreret indhold, der er for godt til at v\u00e6re sandt, helt egocentriske historier, sider, der er ul\u00e6selige eller ikke opdaterede&#8230;<\/p>\n\n<p>Vi ledte efter en <strong>ny m\u00e5de at blogge<\/strong> p\u00e5, som b\u00e5de var mere nyttig og mere etisk, og vi trak p\u00e5 erfaringerne fra Claires 10 \u00e5rs daglige praksis. Du l\u00e6ser nu resultatet af alt dette arbejde, og vi h\u00e5ber, at vi har levet op til dine forventninger!<\/p>\n\n<figure class=\"wp-block-image\"><img decoding=\"async\" src=\"https:\/\/photos.smugmug.com\/Travel\/France\/Le-Havre\/i-Gn4VmGp\/5\/c351a225\/L\/IMG_1679-L.jpg\" alt=\"\"\/><figcaption class=\"wp-element-caption\">Stranden ved Le Havre, som vi bes\u00f8gte mange gange for at skabe Region Lovers.<\/figcaption><\/figure>\n\n<h2 class=\"wp-block-heading\">Vores v\u00e6rdier og forpligtelser<\/h2>\n\n<p>Som du kan se, er <strong>autenticitet<\/strong> kernen i vores tilgang. Vi s\u00e6tter os i dit sted og deler med dig, hvad vi <strong>virkelig<\/strong> har set og oplevet.<\/p>\n\n<p>Og for at sikre, at denne <strong>tillidskontrakt<\/strong> mellem dig og os er s\u00e5 st\u00e6rk som muligt, forpligter vi os til at overholde <strong>10 forpligtelser<\/strong>:<\/p>\n\n<ol class=\"wp-block-list\">\n<li>Bes\u00f8g alle de steder, vi fort\u00e6ller dig om.<\/li>\n\n\n\n<li>For hver by skal du bo p\u00e5 mindst \u00e9t hotel og bes\u00f8ge dem, vi anbefaler.<\/li>\n\n\n\n<li>For hver by skal du spise p\u00e5 mindst \u00e9n restaurant og bes\u00f8ge dem, vi v\u00e6lger.<\/li>\n\n\n\n<li>Betal alle vores fakturaer fuldt ud, og afvis ethvert partnerskab eller sponsorat.<\/li>\n\n\n\n<li>Med j\u00e6vne mellemrum opdatere vores artikler med hj\u00e6lp fra vores l\u00e6sere.<\/li>\n\n\n\n<li>Berig vores artikler med vores f\u00f8rsteh\u00e5ndserfaringer.<\/li>\n\n\n\n<li>Vi bruger 99 % af vores egne fotos.<\/li>\n\n\n\n<li>At g\u00f8re begrundet og gennemsigtig brug af AI-v\u00e6rkt\u00f8jet, som vi fodrer med vores lokalt verificerede oplysninger.<\/li>\n\n\n\n<li>Giv oplysninger om den rejsende\/forfatter-parring, der gav anledning til artiklen.<\/li>\n\n\n\n<li>Fort\u00e6l dig, hvad vi g\u00f8r, og g\u00f8r, hvad vi fort\u00e6ller dig!<\/li>\n<\/ol>\n\n<figure class=\"wp-block-image\"><img decoding=\"async\" src=\"https:\/\/photos.smugmug.com\/Normandie-Lovers\/Normandie-Lovers\/i-42FF9B3\/0\/b1f6302b\/L\/facture_restaurant_normandy-L.jpg\" alt=\"Restaurantregning\"\/><figcaption class=\"wp-element-caption\">Prisen for vores ytringsfrihed!<\/figcaption><\/figure>\n\n<h2 class=\"wp-block-heading\">Region Lovers&#8217; team: ekspertise og passion<\/h2>\n\n<p>Vi startede i Normandiet. Hvad kunne v\u00e6re mere logisk, n\u00e5r man er f\u00f8dt der og bor der igen i dag! Da vi var tilfredse med resultaterne, besluttede vi at begynde at vokse, trin for trin, for at tilbyde dig nye destinationer.<\/p>\n\n<ul class=\"wp-block-list\">\n<li><a href=\"https:\/\/regionlovers.fr\" target=\"_blank\" rel=\"noreferrer noopener\">Oplev alle de destinationer, som Region Lovers tilbyder<\/a><\/li>\n<\/ul>\n\n<p>For at opn\u00e5 dette er teamet vokset, samtidig med at vi har opretholdt de samme h\u00f8je standarder med hensyn til kvaliteten af vores indhold og respekten for de v\u00e6rdier, der guider os hver dag.<\/p>\n\n<figure class=\"wp-block-image size-large\"><a href=\"https:\/\/loirelovers.fr\/fanny-auffret\/\" target=\"_blank\" rel=\"noreferrer noopener\"><img decoding=\"async\" src=\"https:\/\/photos.smugmug.com\/Region-Lovers\/Generique\/i-MR3r4Sx\/0\/4eb3a015\/L\/_GAB2628-L.jpg\" alt=\"\"\/><\/a><figcaption class=\"wp-element-caption\">Fanny, Elisa og Myriam<\/figcaption><\/figure>\n\n<ul class=\"wp-block-list\">\n<li><a href=\"https:\/\/regionlovers.fr\/equipe\/\" target=\"_blank\" rel=\"noreferrer noopener\">M\u00f8d hele Region Lovers&#8217; team<\/a><\/li>\n<\/ul>\n\n<h3 class=\"wp-block-heading\">Region Lovers: Hvordan fungerer det?<\/h3>\n\n<p>Hvert medlem af teamet er <strong>grundigt tr\u00e6net <\/strong>i at rejse og skrive (det er ikke s\u00e5 let, som det lyder!), baseret p\u00e5 alt det, vi har l\u00e6rt i vores 10 \u00e5r med blogging og vores mange rejser rundt om i verden.<\/p>\n\n<p>N\u00e5r vi beslutter os for at lave et site om en region, sender vi et eller flere medlemmer af teamet til <strong>omr\u00e5det<\/strong> i flere uger for at indsamle information, tage billeder og teste hoteller og restauranter.<\/p>\n<div class=\"wp-block-image\">\n<figure class=\"aligncenter\"><img decoding=\"async\" src=\"https:\/\/photos.smugmug.com\/Vallee-loire\/Loire-lovers\/i-C72BN6G\/0\/5b34e182\/L\/loire-lovers-emmanuel-2-L.jpg\" alt=\"\"\/><figcaption class=\"wp-element-caption\">Farlige fotoreportager!<\/figcaption><\/figure>\n<\/div>\n<p>N\u00e5r de kommer tilbage, rapporterer de rejsende trofast deres <strong>indtryk, favoritter og erfaringer<\/strong> til resten af teamet, og sammen skriver de artiklerne for at give dig kvalitetsindhold.<\/p>\n\n<p>Og endelig vender vi <strong>med j\u00e6vne mellemrum<\/strong> tilbage til de dokumenterede steder for at sikre, at vores oplysninger stadig er korrekte!<\/p>\n\n<h2 class=\"wp-block-heading\">Hvad lever Region Lovers af?<\/h2>\n\n<p>For fortsat at kunne give dig s\u00e5 meget information som muligt, regner vi med <strong>dig<\/strong>:<\/p>\n\n<ul class=\"wp-block-list\">\n<li>Ved at k\u00f8be en af vores<strong> guider<\/strong>.<\/li>\n\n\n\n<li>Ved at v\u00e6lge dit <strong>hotel<\/strong>, <strong>billeje <\/strong>, <strong>aktivitet eller tur<\/strong> via et af vores affiliate-links (i s\u00e5 fald modtager vi en lille del af platformens kommission).<\/li>\n<\/ul>\n\n<p><a href=\"https:\/\/baleareslovers.com\/da\/?page_id=47\" target=\"_blank\" rel=\"noreferrer noopener\">Kontakt os<\/a><\/p>\n","protected":false},"excerpt":{"rendered":"<p>Velkommen til vores hjemmeside, F\u00f8rst og fremmest for at sikre, at du ikke farer vild: Baleares Lovers er Region Lovers&#8217; hjemmeside, der er dedikeret til de storsl\u00e5ede Baleariske \u00d8er. Vi er Claire og Emmanuel Robinson, en s\u00f8ster, en bror, en polyglot, en ordelsker, en rejsende, en livsnyder&#8230; Siden 2013, Claire udgivet rejseguider over hele verden, [&hellip;]<\/p>\n","protected":false},"author":1,"featured_media":0,"parent":0,"menu_order":0,"comment_status":"closed","ping_status":"closed","template":"","meta":{"_genesis_hide_title":false,"_genesis_hide_breadcrumbs":false,"_genesis_hide_singular_image":false,"_genesis_hide_footer_widgets":false,"_genesis_custom_body_class":"","_genesis_custom_post_class":"","_genesis_layout":"","footnotes":""},"class_list":{"0":"post-77","1":"page","2":"type-page","3":"status-publish","5":"entry"},"yoast_head":"<!-- This site is optimized with the Yoast SEO plugin v25.1 - https:\/\/yoast.com\/wordpress\/plugins\/seo\/ -->\n<title>Om Baleares Lovers og Region Lovers<\/title>\n<meta name=\"description\" content=\"Find ud af mere om Baleares Lovers, et website for Region Lovers: oprettelse, etik, indhold, team...\" \/>\n<meta name=\"robots\" content=\"index, follow, max-snippet:-1, max-image-preview:large, max-video-preview:-1\" \/>\n<link rel=\"canonical\" href=\"https:\/\/baleareslovers.com\/da\/om\/\" \/>\n<meta property=\"og:locale\" content=\"da_DK\" \/>\n<meta property=\"og:type\" content=\"article\" \/>\n<meta property=\"og:title\" content=\"Om Baleares Lovers og Region Lovers\" \/>\n<meta property=\"og:description\" content=\"Find ud af mere om Baleares Lovers, et website for Region Lovers: oprettelse, etik, indhold, team...\" \/>\n<meta property=\"og:url\" content=\"https:\/\/baleareslovers.com\/da\/om\/\" \/>\n<meta property=\"og:site_name\" content=\"Baleares Lovers\" \/>\n<meta property=\"article:modified_time\" content=\"2024-05-08T13:22:42+00:00\" \/>\n<meta property=\"og:image\" content=\"https:\/\/corsicalovers.fr\/wp-content\/uploads\/2023\/03\/emmanuelclaire-1024x684.jpeg\" \/>\n<meta name=\"twitter:card\" content=\"summary_large_image\" \/>\n<meta name=\"twitter:label1\" content=\"Estimeret l\u00e6setid\" \/>\n\t<meta name=\"twitter:data1\" content=\"4 minutter\" \/>\n<script type=\"application\/ld+json\" class=\"yoast-schema-graph\">{\"@context\":\"https:\/\/schema.org\",\"@graph\":[{\"@type\":\"WebPage\",\"@id\":\"https:\/\/baleareslovers.com\/da\/om\/\",\"url\":\"https:\/\/baleareslovers.com\/da\/om\/\",\"name\":\"Om Baleares Lovers og Region Lovers\",\"isPartOf\":{\"@id\":\"https:\/\/baleareslovers.com\/da\/#website\"},\"primaryImageOfPage\":{\"@id\":\"https:\/\/baleareslovers.com\/da\/om\/#primaryimage\"},\"image\":{\"@id\":\"https:\/\/baleareslovers.com\/da\/om\/#primaryimage\"},\"thumbnailUrl\":\"https:\/\/corsicalovers.fr\/wp-content\/uploads\/2023\/03\/emmanuelclaire-1024x684.jpeg\",\"datePublished\":\"2024-05-08T13:22:32+00:00\",\"dateModified\":\"2024-05-08T13:22:42+00:00\",\"description\":\"Find ud af mere om Baleares Lovers, et website for Region Lovers: oprettelse, etik, indhold, team...\",\"breadcrumb\":{\"@id\":\"https:\/\/baleareslovers.com\/da\/om\/#breadcrumb\"},\"inLanguage\":\"da-DK\",\"potentialAction\":[{\"@type\":\"ReadAction\",\"target\":[\"https:\/\/baleareslovers.com\/da\/om\/\"]}]},{\"@type\":\"ImageObject\",\"inLanguage\":\"da-DK\",\"@id\":\"https:\/\/baleareslovers.com\/da\/om\/#primaryimage\",\"url\":\"https:\/\/corsicalovers.fr\/wp-content\/uploads\/2023\/03\/emmanuelclaire-1024x684.jpeg\",\"contentUrl\":\"https:\/\/corsicalovers.fr\/wp-content\/uploads\/2023\/03\/emmanuelclaire-1024x684.jpeg\"},{\"@type\":\"BreadcrumbList\",\"@id\":\"https:\/\/baleareslovers.com\/da\/om\/#breadcrumb\",\"itemListElement\":[{\"@type\":\"ListItem\",\"position\":1,\"name\":\"Accueil\",\"item\":\"https:\/\/baleareslovers.com\/da\/\"},{\"@type\":\"ListItem\",\"position\":2,\"name\":\"Om Baleares Lovers og Region Lovers\"}]},{\"@type\":\"WebSite\",\"@id\":\"https:\/\/baleareslovers.com\/da\/#website\",\"url\":\"https:\/\/baleareslovers.com\/da\/\",\"name\":\"Baleares Lovers\",\"description\":\"\",\"publisher\":{\"@id\":\"https:\/\/baleareslovers.com\/da\/#organization\"},\"potentialAction\":[{\"@type\":\"SearchAction\",\"target\":{\"@type\":\"EntryPoint\",\"urlTemplate\":\"https:\/\/baleareslovers.com\/da\/?s={search_term_string}\"},\"query-input\":{\"@type\":\"PropertyValueSpecification\",\"valueRequired\":true,\"valueName\":\"search_term_string\"}}],\"inLanguage\":\"da-DK\"},{\"@type\":\"Organization\",\"@id\":\"https:\/\/baleareslovers.com\/da\/#organization\",\"name\":\"Baleares Lovers\",\"url\":\"https:\/\/baleareslovers.com\/da\/\",\"logo\":{\"@type\":\"ImageObject\",\"inLanguage\":\"da-DK\",\"@id\":\"https:\/\/baleareslovers.com\/da\/#\/schema\/logo\/image\/\",\"url\":\"https:\/\/baleareslovers.com\/wp-content\/uploads\/2024\/05\/cropped-Baleares-Lovers-Logos.png\",\"contentUrl\":\"https:\/\/baleareslovers.com\/wp-content\/uploads\/2024\/05\/cropped-Baleares-Lovers-Logos.png\",\"width\":2657,\"height\":456,\"caption\":\"Baleares Lovers\"},\"image\":{\"@id\":\"https:\/\/baleareslovers.com\/da\/#\/schema\/logo\/image\/\"}}]}<\/script>\n<!-- \/ Yoast SEO plugin. -->","yoast_head_json":{"title":"Om Baleares Lovers og Region Lovers","description":"Find ud af mere om Baleares Lovers, et website for Region Lovers: oprettelse, etik, indhold, team...","robots":{"index":"index","follow":"follow","max-snippet":"max-snippet:-1","max-image-preview":"max-image-preview:large","max-video-preview":"max-video-preview:-1"},"canonical":"https:\/\/baleareslovers.com\/da\/om\/","og_locale":"da_DK","og_type":"article","og_title":"Om Baleares Lovers og Region Lovers","og_description":"Find ud af mere om Baleares Lovers, et website for Region Lovers: oprettelse, etik, indhold, team...","og_url":"https:\/\/baleareslovers.com\/da\/om\/","og_site_name":"Baleares Lovers","article_modified_time":"2024-05-08T13:22:42+00:00","og_image":[{"url":"https:\/\/corsicalovers.fr\/wp-content\/uploads\/2023\/03\/emmanuelclaire-1024x684.jpeg","type":"","width":"","height":""}],"twitter_card":"summary_large_image","twitter_misc":{"Estimeret l\u00e6setid":"4 minutter"},"schema":{"@context":"https:\/\/schema.org","@graph":[{"@type":"WebPage","@id":"https:\/\/baleareslovers.com\/da\/om\/","url":"https:\/\/baleareslovers.com\/da\/om\/","name":"Om Baleares Lovers og Region Lovers","isPartOf":{"@id":"https:\/\/baleareslovers.com\/da\/#website"},"primaryImageOfPage":{"@id":"https:\/\/baleareslovers.com\/da\/om\/#primaryimage"},"image":{"@id":"https:\/\/baleareslovers.com\/da\/om\/#primaryimage"},"thumbnailUrl":"https:\/\/corsicalovers.fr\/wp-content\/uploads\/2023\/03\/emmanuelclaire-1024x684.jpeg","datePublished":"2024-05-08T13:22:32+00:00","dateModified":"2024-05-08T13:22:42+00:00","description":"Find ud af mere om Baleares Lovers, et website for Region Lovers: oprettelse, etik, indhold, team...","breadcrumb":{"@id":"https:\/\/baleareslovers.com\/da\/om\/#breadcrumb"},"inLanguage":"da-DK","potentialAction":[{"@type":"ReadAction","target":["https:\/\/baleareslovers.com\/da\/om\/"]}]},{"@type":"ImageObject","inLanguage":"da-DK","@id":"https:\/\/baleareslovers.com\/da\/om\/#primaryimage","url":"https:\/\/corsicalovers.fr\/wp-content\/uploads\/2023\/03\/emmanuelclaire-1024x684.jpeg","contentUrl":"https:\/\/corsicalovers.fr\/wp-content\/uploads\/2023\/03\/emmanuelclaire-1024x684.jpeg"},{"@type":"BreadcrumbList","@id":"https:\/\/baleareslovers.com\/da\/om\/#breadcrumb","itemListElement":[{"@type":"ListItem","position":1,"name":"Accueil","item":"https:\/\/baleareslovers.com\/da\/"},{"@type":"ListItem","position":2,"name":"Om Baleares Lovers og Region Lovers"}]},{"@type":"WebSite","@id":"https:\/\/baleareslovers.com\/da\/#website","url":"https:\/\/baleareslovers.com\/da\/","name":"Baleares Lovers","description":"","publisher":{"@id":"https:\/\/baleareslovers.com\/da\/#organization"},"potentialAction":[{"@type":"SearchAction","target":{"@type":"EntryPoint","urlTemplate":"https:\/\/baleareslovers.com\/da\/?s={search_term_string}"},"query-input":{"@type":"PropertyValueSpecification","valueRequired":true,"valueName":"search_term_string"}}],"inLanguage":"da-DK"},{"@type":"Organization","@id":"https:\/\/baleareslovers.com\/da\/#organization","name":"Baleares Lovers","url":"https:\/\/baleareslovers.com\/da\/","logo":{"@type":"ImageObject","inLanguage":"da-DK","@id":"https:\/\/baleareslovers.com\/da\/#\/schema\/logo\/image\/","url":"https:\/\/baleareslovers.com\/wp-content\/uploads\/2024\/05\/cropped-Baleares-Lovers-Logos.png","contentUrl":"https:\/\/baleareslovers.com\/wp-content\/uploads\/2024\/05\/cropped-Baleares-Lovers-Logos.png","width":2657,"height":456,"caption":"Baleares Lovers"},"image":{"@id":"https:\/\/baleareslovers.com\/da\/#\/schema\/logo\/image\/"}}]}},"featured_image_src":null,"featured_image_src_square":null,"_links":{"self":[{"href":"https:\/\/baleareslovers.com\/da\/wp-json\/wp\/v2\/pages\/77","targetHints":{"allow":["GET"]}}],"collection":[{"href":"https:\/\/baleareslovers.com\/da\/wp-json\/wp\/v2\/pages"}],"about":[{"href":"https:\/\/baleareslovers.com\/da\/wp-json\/wp\/v2\/types\/page"}],"author":[{"embeddable":true,"href":"https:\/\/baleareslovers.com\/da\/wp-json\/wp\/v2\/users\/1"}],"replies":[{"embeddable":true,"href":"https:\/\/baleareslovers.com\/da\/wp-json\/wp\/v2\/comments?post=77"}],"version-history":[{"count":0,"href":"https:\/\/baleareslovers.com\/da\/wp-json\/wp\/v2\/pages\/77\/revisions"}],"wp:attachment":[{"href":"https:\/\/baleareslovers.com\/da\/wp-json\/wp\/v2\/media?parent=77"}],"curies":[{"name":"wp","href":"https:\/\/api.w.org\/{rel}","templated":true}]}}