{"id":90,"date":"2024-05-08T15:05:03","date_gmt":"2024-05-08T15:05:03","guid":{"rendered":"https:\/\/baleareslovers.com\/claire-robinson\/"},"modified":"2024-05-08T15:05:13","modified_gmt":"2024-05-08T15:05:13","slug":"claire-robinson","status":"publish","type":"page","link":"https:\/\/baleareslovers.com\/de\/claire-robinson\/","title":{"rendered":"\u00dcber Claire ROBINSON"},"content":{"rendered":"\n<p>Wir stellen Ihnen Claire vor, die zusammen mit ihrem Bruder <a href=\"https:\/\/balearesalovers.com\/emmanuel-robinson\/\" target=\"_blank\" rel=\"noreferrer noopener\">Emmanuel<\/a> Mitbegr\u00fcnderin von Region Lovers ist, einem fr\u00f6hlichen Unternehmen, das seit \u00fcber zehn Jahren durch die Welt reist, um Ihnen &#8222;zertifizierte echte&#8220;, qualitativ hochwertige und n\u00fctzliche Informationen zu liefern. Wir m\u00f6chten Ihnen helfen, Entscheidungen zu treffen, damit Sie eine Reise zusammenstellen k\u00f6nnen, die zu Ihnen passt.<\/p>\n\n<p>Das Team w\u00e4chst im Laufe der Jahre, aber Claire h\u00e4lt sich, wie alle Autoren von Region Lovers, an einen Rahmen und bestimmte Werte, um unseren Vertrauensvertrag mit unseren Lesern zu erf\u00fcllen. Dennoch und gl\u00fccklicherweise ist jeder Artikel immer auch ein Spiegelbild seines Autors und seiner Leidenschaften.<\/p>\n\n<figure class=\"wp-block-image size-large\"><img decoding=\"async\" src=\"https:\/\/photos.smugmug.com\/Region-Lovers\/Equipe\/i-nsNF6C6\/0\/25791716\/L\/Claire-L.png\" alt=\"\"\/><\/figure>\n\n<h2 class=\"wp-block-heading\">Ihr Werdegang<\/h2>\n\n<ul class=\"wp-block-list\">\n<li>Eine Ingenieurausbildung.<\/li>\n\n\n\n<li>10 Jahre Strukturierung von Informationen und Einf\u00fchrung von Qualit\u00e4tsprozessen in Australien, Deutschland und Frankreich.<\/li>\n\n\n\n<li>Mehr als 10 Jahre Reiseblogging: ZigZag Road Trips, dann Region Lovers<\/li>\n<\/ul>\n\n<p class=\"has-text-align-left\">Entdecken Sie Ihr <a href=\"https:\/\/www.linkedin.com\/in\/claire-robinson-fr\/\" target=\"_blank\" rel=\"noreferrer noopener\">Linkedin-Profil<\/a><\/p>\n\n<h2 class=\"wp-block-heading\">Was sie besonders gerne schreibt<\/h2>\n\n<ul class=\"wp-block-list\">\n<li>Artikel \u00fcber Orte abseits der ausgetretenen Pfade, etwas geheimere Juwelen, die Sie auf Ihren Reisen entdeckt haben.<\/li>\n\n\n\n<li>Best-of-Artikel, in denen Sie Ihre gr\u00f6\u00dften Favoriten mit anderen teilen k\u00f6nnen.<\/li>\n\n\n\n<li>Artikel mit Tipps zu komplizierten Orten, die zu besuchen sind, damit der Leser das Beste daraus macht.<\/li>\n<\/ul>\n","protected":false},"excerpt":{"rendered":"<p>Wir stellen Ihnen Claire vor, die zusammen mit ihrem Bruder Emmanuel Mitbegr\u00fcnderin von Region Lovers ist, einem fr\u00f6hlichen Unternehmen, das seit \u00fcber zehn Jahren durch die Welt reist, um Ihnen &#8222;zertifizierte echte&#8220;, qualitativ hochwertige und n\u00fctzliche Informationen zu liefern. Wir m\u00f6chten Ihnen helfen, Entscheidungen zu treffen, damit Sie eine Reise zusammenstellen k\u00f6nnen, die zu Ihnen [&hellip;]<\/p>\n","protected":false},"author":1,"featured_media":0,"parent":0,"menu_order":0,"comment_status":"closed","ping_status":"closed","template":"","meta":{"_genesis_hide_title":false,"_genesis_hide_breadcrumbs":false,"_genesis_hide_singular_image":false,"_genesis_hide_footer_widgets":false,"_genesis_custom_body_class":"","_genesis_custom_post_class":"","_genesis_layout":"","footnotes":""},"class_list":{"0":"post-90","1":"page","2":"type-page","3":"status-publish","5":"entry"},"yoast_head":"<!-- This site is optimized with the Yoast SEO plugin v25.1 - https:\/\/yoast.com\/wordpress\/plugins\/seo\/ -->\n<title>\u00dcber Claire ROBINSON<\/title>\n<meta name=\"description\" content=\"Weitere Informationen Claire Robinson, Mitbegr\u00fcnderin von Region Lovers\" \/>\n<meta name=\"robots\" content=\"index, follow, max-snippet:-1, max-image-preview:large, max-video-preview:-1\" \/>\n<link rel=\"canonical\" href=\"https:\/\/baleareslovers.com\/de\/claire-robinson\/\" \/>\n<meta property=\"og:locale\" content=\"de_DE\" \/>\n<meta property=\"og:type\" content=\"article\" \/>\n<meta property=\"og:title\" content=\"\u00dcber Claire ROBINSON\" \/>\n<meta property=\"og:description\" content=\"Weitere Informationen Claire Robinson, Mitbegr\u00fcnderin von Region Lovers\" \/>\n<meta property=\"og:url\" content=\"https:\/\/baleareslovers.com\/de\/claire-robinson\/\" \/>\n<meta property=\"og:site_name\" content=\"Baleares Lovers\" \/>\n<meta property=\"article:modified_time\" content=\"2024-05-08T15:05:13+00:00\" \/>\n<meta property=\"og:image\" content=\"https:\/\/photos.smugmug.com\/Region-Lovers\/Equipe\/i-nsNF6C6\/0\/25791716\/L\/Claire-L.png\" \/>\n<meta name=\"twitter:card\" content=\"summary_large_image\" \/>\n<meta name=\"twitter:label1\" content=\"Gesch\u00e4tzte Lesezeit\" \/>\n\t<meta name=\"twitter:data1\" content=\"1 Minute\" \/>\n<script type=\"application\/ld+json\" class=\"yoast-schema-graph\">{\"@context\":\"https:\/\/schema.org\",\"@graph\":[{\"@type\":\"WebPage\",\"@id\":\"https:\/\/baleareslovers.com\/de\/claire-robinson\/\",\"url\":\"https:\/\/baleareslovers.com\/de\/claire-robinson\/\",\"name\":\"\u00dcber Claire ROBINSON\",\"isPartOf\":{\"@id\":\"https:\/\/baleareslovers.com\/de\/#website\"},\"primaryImageOfPage\":{\"@id\":\"https:\/\/baleareslovers.com\/de\/claire-robinson\/#primaryimage\"},\"image\":{\"@id\":\"https:\/\/baleareslovers.com\/de\/claire-robinson\/#primaryimage\"},\"thumbnailUrl\":\"https:\/\/photos.smugmug.com\/Region-Lovers\/Equipe\/i-nsNF6C6\/0\/25791716\/L\/Claire-L.png\",\"datePublished\":\"2024-05-08T15:05:03+00:00\",\"dateModified\":\"2024-05-08T15:05:13+00:00\",\"description\":\"Weitere Informationen Claire Robinson, Mitbegr\u00fcnderin von Region Lovers\",\"breadcrumb\":{\"@id\":\"https:\/\/baleareslovers.com\/de\/claire-robinson\/#breadcrumb\"},\"inLanguage\":\"de-DE\",\"potentialAction\":[{\"@type\":\"ReadAction\",\"target\":[\"https:\/\/baleareslovers.com\/de\/claire-robinson\/\"]}]},{\"@type\":\"ImageObject\",\"inLanguage\":\"de-DE\",\"@id\":\"https:\/\/baleareslovers.com\/de\/claire-robinson\/#primaryimage\",\"url\":\"https:\/\/photos.smugmug.com\/Region-Lovers\/Equipe\/i-nsNF6C6\/0\/25791716\/L\/Claire-L.png\",\"contentUrl\":\"https:\/\/photos.smugmug.com\/Region-Lovers\/Equipe\/i-nsNF6C6\/0\/25791716\/L\/Claire-L.png\"},{\"@type\":\"BreadcrumbList\",\"@id\":\"https:\/\/baleareslovers.com\/de\/claire-robinson\/#breadcrumb\",\"itemListElement\":[{\"@type\":\"ListItem\",\"position\":1,\"name\":\"Accueil\",\"item\":\"https:\/\/baleareslovers.com\/de\/\"},{\"@type\":\"ListItem\",\"position\":2,\"name\":\"\u00dcber Claire ROBINSON\"}]},{\"@type\":\"WebSite\",\"@id\":\"https:\/\/baleareslovers.com\/de\/#website\",\"url\":\"https:\/\/baleareslovers.com\/de\/\",\"name\":\"Baleares Lovers\",\"description\":\"\",\"publisher\":{\"@id\":\"https:\/\/baleareslovers.com\/de\/#organization\"},\"potentialAction\":[{\"@type\":\"SearchAction\",\"target\":{\"@type\":\"EntryPoint\",\"urlTemplate\":\"https:\/\/baleareslovers.com\/de\/?s={search_term_string}\"},\"query-input\":{\"@type\":\"PropertyValueSpecification\",\"valueRequired\":true,\"valueName\":\"search_term_string\"}}],\"inLanguage\":\"de-DE\"},{\"@type\":\"Organization\",\"@id\":\"https:\/\/baleareslovers.com\/de\/#organization\",\"name\":\"Baleares Lovers\",\"url\":\"https:\/\/baleareslovers.com\/de\/\",\"logo\":{\"@type\":\"ImageObject\",\"inLanguage\":\"de-DE\",\"@id\":\"https:\/\/baleareslovers.com\/de\/#\/schema\/logo\/image\/\",\"url\":\"https:\/\/baleareslovers.com\/wp-content\/uploads\/2024\/05\/cropped-Baleares-Lovers-Logos.png\",\"contentUrl\":\"https:\/\/baleareslovers.com\/wp-content\/uploads\/2024\/05\/cropped-Baleares-Lovers-Logos.png\",\"width\":2657,\"height\":456,\"caption\":\"Baleares Lovers\"},\"image\":{\"@id\":\"https:\/\/baleareslovers.com\/de\/#\/schema\/logo\/image\/\"}}]}<\/script>\n<!-- \/ Yoast SEO plugin. -->","yoast_head_json":{"title":"\u00dcber Claire ROBINSON","description":"Weitere Informationen Claire Robinson, Mitbegr\u00fcnderin von Region Lovers","robots":{"index":"index","follow":"follow","max-snippet":"max-snippet:-1","max-image-preview":"max-image-preview:large","max-video-preview":"max-video-preview:-1"},"canonical":"https:\/\/baleareslovers.com\/de\/claire-robinson\/","og_locale":"de_DE","og_type":"article","og_title":"\u00dcber Claire ROBINSON","og_description":"Weitere Informationen Claire Robinson, Mitbegr\u00fcnderin von Region Lovers","og_url":"https:\/\/baleareslovers.com\/de\/claire-robinson\/","og_site_name":"Baleares Lovers","article_modified_time":"2024-05-08T15:05:13+00:00","og_image":[{"url":"https:\/\/photos.smugmug.com\/Region-Lovers\/Equipe\/i-nsNF6C6\/0\/25791716\/L\/Claire-L.png","type":"","width":"","height":""}],"twitter_card":"summary_large_image","twitter_misc":{"Gesch\u00e4tzte Lesezeit":"1 Minute"},"schema":{"@context":"https:\/\/schema.org","@graph":[{"@type":"WebPage","@id":"https:\/\/baleareslovers.com\/de\/claire-robinson\/","url":"https:\/\/baleareslovers.com\/de\/claire-robinson\/","name":"\u00dcber Claire ROBINSON","isPartOf":{"@id":"https:\/\/baleareslovers.com\/de\/#website"},"primaryImageOfPage":{"@id":"https:\/\/baleareslovers.com\/de\/claire-robinson\/#primaryimage"},"image":{"@id":"https:\/\/baleareslovers.com\/de\/claire-robinson\/#primaryimage"},"thumbnailUrl":"https:\/\/photos.smugmug.com\/Region-Lovers\/Equipe\/i-nsNF6C6\/0\/25791716\/L\/Claire-L.png","datePublished":"2024-05-08T15:05:03+00:00","dateModified":"2024-05-08T15:05:13+00:00","description":"Weitere Informationen Claire Robinson, Mitbegr\u00fcnderin von Region Lovers","breadcrumb":{"@id":"https:\/\/baleareslovers.com\/de\/claire-robinson\/#breadcrumb"},"inLanguage":"de-DE","potentialAction":[{"@type":"ReadAction","target":["https:\/\/baleareslovers.com\/de\/claire-robinson\/"]}]},{"@type":"ImageObject","inLanguage":"de-DE","@id":"https:\/\/baleareslovers.com\/de\/claire-robinson\/#primaryimage","url":"https:\/\/photos.smugmug.com\/Region-Lovers\/Equipe\/i-nsNF6C6\/0\/25791716\/L\/Claire-L.png","contentUrl":"https:\/\/photos.smugmug.com\/Region-Lovers\/Equipe\/i-nsNF6C6\/0\/25791716\/L\/Claire-L.png"},{"@type":"BreadcrumbList","@id":"https:\/\/baleareslovers.com\/de\/claire-robinson\/#breadcrumb","itemListElement":[{"@type":"ListItem","position":1,"name":"Accueil","item":"https:\/\/baleareslovers.com\/de\/"},{"@type":"ListItem","position":2,"name":"\u00dcber Claire ROBINSON"}]},{"@type":"WebSite","@id":"https:\/\/baleareslovers.com\/de\/#website","url":"https:\/\/baleareslovers.com\/de\/","name":"Baleares Lovers","description":"","publisher":{"@id":"https:\/\/baleareslovers.com\/de\/#organization"},"potentialAction":[{"@type":"SearchAction","target":{"@type":"EntryPoint","urlTemplate":"https:\/\/baleareslovers.com\/de\/?s={search_term_string}"},"query-input":{"@type":"PropertyValueSpecification","valueRequired":true,"valueName":"search_term_string"}}],"inLanguage":"de-DE"},{"@type":"Organization","@id":"https:\/\/baleareslovers.com\/de\/#organization","name":"Baleares Lovers","url":"https:\/\/baleareslovers.com\/de\/","logo":{"@type":"ImageObject","inLanguage":"de-DE","@id":"https:\/\/baleareslovers.com\/de\/#\/schema\/logo\/image\/","url":"https:\/\/baleareslovers.com\/wp-content\/uploads\/2024\/05\/cropped-Baleares-Lovers-Logos.png","contentUrl":"https:\/\/baleareslovers.com\/wp-content\/uploads\/2024\/05\/cropped-Baleares-Lovers-Logos.png","width":2657,"height":456,"caption":"Baleares Lovers"},"image":{"@id":"https:\/\/baleareslovers.com\/de\/#\/schema\/logo\/image\/"}}]}},"featured_image_src":null,"featured_image_src_square":null,"_links":{"self":[{"href":"https:\/\/baleareslovers.com\/de\/wp-json\/wp\/v2\/pages\/90","targetHints":{"allow":["GET"]}}],"collection":[{"href":"https:\/\/baleareslovers.com\/de\/wp-json\/wp\/v2\/pages"}],"about":[{"href":"https:\/\/baleareslovers.com\/de\/wp-json\/wp\/v2\/types\/page"}],"author":[{"embeddable":true,"href":"https:\/\/baleareslovers.com\/de\/wp-json\/wp\/v2\/users\/1"}],"replies":[{"embeddable":true,"href":"https:\/\/baleareslovers.com\/de\/wp-json\/wp\/v2\/comments?post=90"}],"version-history":[{"count":0,"href":"https:\/\/baleareslovers.com\/de\/wp-json\/wp\/v2\/pages\/90\/revisions"}],"wp:attachment":[{"href":"https:\/\/baleareslovers.com\/de\/wp-json\/wp\/v2\/media?parent=90"}],"curies":[{"name":"wp","href":"https:\/\/api.w.org\/{rel}","templated":true}]}}