{"id":112,"date":"2024-05-08T15:14:31","date_gmt":"2024-05-08T15:14:31","guid":{"rendered":"https:\/\/baleareslovers.com\/myriam-bendriss-mudibu\/"},"modified":"2024-05-08T15:14:43","modified_gmt":"2024-05-08T15:14:43","slug":"myriam-bendriss-mudibu","status":"publish","type":"page","link":"https:\/\/baleareslovers.com\/pt-pt\/myriam-bendriss-mudibu\/","title":{"rendered":"Sobre Myriam BENDRISS MUDIBU"},"content":{"rendered":"\n<p>Conhe\u00e7a Myriam, colaboradora da Region Lovers, uma empresa feliz que percorre o mundo h\u00e1 mais de 10 anos para lhe trazer informa\u00e7\u00f5es certificadas, de qualidade e \u00fateis. Queremos ajud\u00e1-lo a fazer as escolhas necess\u00e1rias para construir uma viagem \u00e0 sua medida.<\/p>\n\n<p>A equipa cresceu ao longo dos anos, mas Myriam, tal como todos os autores da Region Lovers, segue uma estrutura e valores para cumprir o nosso contrato de confian\u00e7a com os nossos leitores. Felizmente, por\u00e9m, cada artigo \u00e9 sempre um reflexo do seu autor e das suas paix\u00f5es.<\/p>\n<div class=\"wp-block-image\">\n<figure class=\"aligncenter size-large\"><img decoding=\"async\" src=\"https:\/\/photos.smugmug.com\/Region-Lovers\/Equipe\/i-2VkpKdc\/0\/DqDG7GbR6CxhqJq4M7VBQnSmkShv4QM9sWgTxgDm4\/L\/myriam-2-L.jpg\" alt=\"\"\/><\/figure>\n<\/div>\n<h2 class=\"wp-block-heading\">A sua carreira<\/h2>\n\n<ul class=\"wp-block-list\">\n<li>5 anos de navega\u00e7\u00e3o entre ag\u00eancias de publicidade e de comunica\u00e7\u00e3o empresarial<\/li>\n\n\n\n<li>Mais de 3 anos ao servi\u00e7o das crian\u00e7as numa funda\u00e7\u00e3o de solidariedade social<\/li>\n\n\n\n<li>Mais de 3 anos numa grande companhia de seguros de sa\u00fade<\/li>\n\n\n\n<li>Desde 2023, saltou para o navio dos Region Lovers e n\u00e3o quer voltar a sair<\/li>\n<\/ul>\n\n<p class=\"has-text-align-left\">Descubra o seu <a href=\"https:\/\/www.linkedin.com\/in\/myriam-mudibu-bendriss-083b4740\/\" target=\"_blank\" rel=\"noreferrer noopener\">perfil no Linkedin<\/a><\/p>\n\n<h2 class=\"wp-block-heading\">O que gosta particularmente de escrever<\/h2>\n\n<ul class=\"wp-block-list\">\n<li>Artigos sobre jardins e parques, porque, no fundo, \u00e9 uma rom\u00e2ntica que adora lugares po\u00e9ticos.<\/li>\n\n\n\n<li>Lugares que atravessam os tempos e confrontam diferentes \u00e9pocas, como certos museus ou monumentos&#8230;<\/li>\n\n\n\n<li>Artigos sobre restaurantes para partilhar experi\u00eancias culin\u00e1rias \u00fanicas com os nossos leitores: est\u00e1 convencida de que comer bem faz parte das viagens!<\/li>\n<\/ul>\n","protected":false},"excerpt":{"rendered":"<p>Conhe\u00e7a Myriam, colaboradora da Region Lovers, uma empresa feliz que percorre o mundo h\u00e1 mais de 10 anos para lhe trazer informa\u00e7\u00f5es certificadas, de qualidade e \u00fateis. Queremos ajud\u00e1-lo a fazer as escolhas necess\u00e1rias para construir uma viagem \u00e0 sua medida. A equipa cresceu ao longo dos anos, mas Myriam, tal como todos os autores [&hellip;]<\/p>\n","protected":false},"author":1,"featured_media":0,"parent":0,"menu_order":0,"comment_status":"closed","ping_status":"closed","template":"","meta":{"_genesis_hide_title":false,"_genesis_hide_breadcrumbs":false,"_genesis_hide_singular_image":false,"_genesis_hide_footer_widgets":false,"_genesis_custom_body_class":"","_genesis_custom_post_class":"","_genesis_layout":"","footnotes":""},"class_list":{"0":"post-112","1":"page","2":"type-page","3":"status-publish","5":"entry"},"yoast_head":"<!-- This site is optimized with the Yoast SEO plugin v25.1 - https:\/\/yoast.com\/wordpress\/plugins\/seo\/ -->\n<title>Sobre Myriam BENDRISS MUDIBU<\/title>\n<meta name=\"description\" content=\"Sobre Myriam Bendriss Mudibu, Directora de Conte\u00fados e Filantropia da Region Lovers\" \/>\n<meta name=\"robots\" content=\"index, follow, max-snippet:-1, max-image-preview:large, max-video-preview:-1\" \/>\n<link rel=\"canonical\" href=\"https:\/\/baleareslovers.com\/pt-pt\/myriam-bendriss-mudibu\/\" \/>\n<meta property=\"og:locale\" content=\"pt_PT\" \/>\n<meta property=\"og:type\" content=\"article\" \/>\n<meta property=\"og:title\" content=\"Sobre Myriam BENDRISS MUDIBU\" \/>\n<meta property=\"og:description\" content=\"Sobre Myriam Bendriss Mudibu, Directora de Conte\u00fados e Filantropia da Region Lovers\" \/>\n<meta property=\"og:url\" content=\"https:\/\/baleareslovers.com\/pt-pt\/myriam-bendriss-mudibu\/\" \/>\n<meta property=\"og:site_name\" content=\"Baleares Lovers\" \/>\n<meta property=\"article:modified_time\" content=\"2024-05-08T15:14:43+00:00\" \/>\n<meta property=\"og:image\" content=\"https:\/\/photos.smugmug.com\/Region-Lovers\/Equipe\/i-2VkpKdc\/0\/DqDG7GbR6CxhqJq4M7VBQnSmkShv4QM9sWgTxgDm4\/L\/myriam-2-L.jpg\" \/>\n<meta name=\"twitter:card\" content=\"summary_large_image\" \/>\n<meta name=\"twitter:label1\" content=\"Tempo estimado de leitura\" \/>\n\t<meta name=\"twitter:data1\" content=\"1 minuto\" \/>\n<script type=\"application\/ld+json\" class=\"yoast-schema-graph\">{\"@context\":\"https:\/\/schema.org\",\"@graph\":[{\"@type\":\"WebPage\",\"@id\":\"https:\/\/baleareslovers.com\/pt-pt\/myriam-bendriss-mudibu\/\",\"url\":\"https:\/\/baleareslovers.com\/pt-pt\/myriam-bendriss-mudibu\/\",\"name\":\"Sobre Myriam BENDRISS MUDIBU\",\"isPartOf\":{\"@id\":\"https:\/\/baleareslovers.com\/pt-pt\/#website\"},\"primaryImageOfPage\":{\"@id\":\"https:\/\/baleareslovers.com\/pt-pt\/myriam-bendriss-mudibu\/#primaryimage\"},\"image\":{\"@id\":\"https:\/\/baleareslovers.com\/pt-pt\/myriam-bendriss-mudibu\/#primaryimage\"},\"thumbnailUrl\":\"https:\/\/photos.smugmug.com\/Region-Lovers\/Equipe\/i-2VkpKdc\/0\/DqDG7GbR6CxhqJq4M7VBQnSmkShv4QM9sWgTxgDm4\/L\/myriam-2-L.jpg\",\"datePublished\":\"2024-05-08T15:14:31+00:00\",\"dateModified\":\"2024-05-08T15:14:43+00:00\",\"description\":\"Sobre Myriam Bendriss Mudibu, Directora de Conte\u00fados e Filantropia da Region Lovers\",\"breadcrumb\":{\"@id\":\"https:\/\/baleareslovers.com\/pt-pt\/myriam-bendriss-mudibu\/#breadcrumb\"},\"inLanguage\":\"pt-PT\",\"potentialAction\":[{\"@type\":\"ReadAction\",\"target\":[\"https:\/\/baleareslovers.com\/pt-pt\/myriam-bendriss-mudibu\/\"]}]},{\"@type\":\"ImageObject\",\"inLanguage\":\"pt-PT\",\"@id\":\"https:\/\/baleareslovers.com\/pt-pt\/myriam-bendriss-mudibu\/#primaryimage\",\"url\":\"https:\/\/photos.smugmug.com\/Region-Lovers\/Equipe\/i-2VkpKdc\/0\/DqDG7GbR6CxhqJq4M7VBQnSmkShv4QM9sWgTxgDm4\/L\/myriam-2-L.jpg\",\"contentUrl\":\"https:\/\/photos.smugmug.com\/Region-Lovers\/Equipe\/i-2VkpKdc\/0\/DqDG7GbR6CxhqJq4M7VBQnSmkShv4QM9sWgTxgDm4\/L\/myriam-2-L.jpg\"},{\"@type\":\"BreadcrumbList\",\"@id\":\"https:\/\/baleareslovers.com\/pt-pt\/myriam-bendriss-mudibu\/#breadcrumb\",\"itemListElement\":[{\"@type\":\"ListItem\",\"position\":1,\"name\":\"Accueil\",\"item\":\"https:\/\/baleareslovers.com\/pt-pt\/\"},{\"@type\":\"ListItem\",\"position\":2,\"name\":\"Sobre Myriam BENDRISS MUDIBU\"}]},{\"@type\":\"WebSite\",\"@id\":\"https:\/\/baleareslovers.com\/pt-pt\/#website\",\"url\":\"https:\/\/baleareslovers.com\/pt-pt\/\",\"name\":\"Baleares Lovers\",\"description\":\"\",\"publisher\":{\"@id\":\"https:\/\/baleareslovers.com\/pt-pt\/#organization\"},\"potentialAction\":[{\"@type\":\"SearchAction\",\"target\":{\"@type\":\"EntryPoint\",\"urlTemplate\":\"https:\/\/baleareslovers.com\/pt-pt\/?s={search_term_string}\"},\"query-input\":{\"@type\":\"PropertyValueSpecification\",\"valueRequired\":true,\"valueName\":\"search_term_string\"}}],\"inLanguage\":\"pt-PT\"},{\"@type\":\"Organization\",\"@id\":\"https:\/\/baleareslovers.com\/pt-pt\/#organization\",\"name\":\"Baleares Lovers\",\"url\":\"https:\/\/baleareslovers.com\/pt-pt\/\",\"logo\":{\"@type\":\"ImageObject\",\"inLanguage\":\"pt-PT\",\"@id\":\"https:\/\/baleareslovers.com\/pt-pt\/#\/schema\/logo\/image\/\",\"url\":\"https:\/\/baleareslovers.com\/wp-content\/uploads\/2024\/05\/cropped-Baleares-Lovers-Logos.png\",\"contentUrl\":\"https:\/\/baleareslovers.com\/wp-content\/uploads\/2024\/05\/cropped-Baleares-Lovers-Logos.png\",\"width\":2657,\"height\":456,\"caption\":\"Baleares Lovers\"},\"image\":{\"@id\":\"https:\/\/baleareslovers.com\/pt-pt\/#\/schema\/logo\/image\/\"}}]}<\/script>\n<!-- \/ Yoast SEO plugin. -->","yoast_head_json":{"title":"Sobre Myriam BENDRISS MUDIBU","description":"Sobre Myriam Bendriss Mudibu, Directora de Conte\u00fados e Filantropia da Region Lovers","robots":{"index":"index","follow":"follow","max-snippet":"max-snippet:-1","max-image-preview":"max-image-preview:large","max-video-preview":"max-video-preview:-1"},"canonical":"https:\/\/baleareslovers.com\/pt-pt\/myriam-bendriss-mudibu\/","og_locale":"pt_PT","og_type":"article","og_title":"Sobre Myriam BENDRISS MUDIBU","og_description":"Sobre Myriam Bendriss Mudibu, Directora de Conte\u00fados e Filantropia da Region Lovers","og_url":"https:\/\/baleareslovers.com\/pt-pt\/myriam-bendriss-mudibu\/","og_site_name":"Baleares Lovers","article_modified_time":"2024-05-08T15:14:43+00:00","og_image":[{"url":"https:\/\/photos.smugmug.com\/Region-Lovers\/Equipe\/i-2VkpKdc\/0\/DqDG7GbR6CxhqJq4M7VBQnSmkShv4QM9sWgTxgDm4\/L\/myriam-2-L.jpg","type":"","width":"","height":""}],"twitter_card":"summary_large_image","twitter_misc":{"Tempo estimado de leitura":"1 minuto"},"schema":{"@context":"https:\/\/schema.org","@graph":[{"@type":"WebPage","@id":"https:\/\/baleareslovers.com\/pt-pt\/myriam-bendriss-mudibu\/","url":"https:\/\/baleareslovers.com\/pt-pt\/myriam-bendriss-mudibu\/","name":"Sobre Myriam BENDRISS MUDIBU","isPartOf":{"@id":"https:\/\/baleareslovers.com\/pt-pt\/#website"},"primaryImageOfPage":{"@id":"https:\/\/baleareslovers.com\/pt-pt\/myriam-bendriss-mudibu\/#primaryimage"},"image":{"@id":"https:\/\/baleareslovers.com\/pt-pt\/myriam-bendriss-mudibu\/#primaryimage"},"thumbnailUrl":"https:\/\/photos.smugmug.com\/Region-Lovers\/Equipe\/i-2VkpKdc\/0\/DqDG7GbR6CxhqJq4M7VBQnSmkShv4QM9sWgTxgDm4\/L\/myriam-2-L.jpg","datePublished":"2024-05-08T15:14:31+00:00","dateModified":"2024-05-08T15:14:43+00:00","description":"Sobre Myriam Bendriss Mudibu, Directora de Conte\u00fados e Filantropia da Region Lovers","breadcrumb":{"@id":"https:\/\/baleareslovers.com\/pt-pt\/myriam-bendriss-mudibu\/#breadcrumb"},"inLanguage":"pt-PT","potentialAction":[{"@type":"ReadAction","target":["https:\/\/baleareslovers.com\/pt-pt\/myriam-bendriss-mudibu\/"]}]},{"@type":"ImageObject","inLanguage":"pt-PT","@id":"https:\/\/baleareslovers.com\/pt-pt\/myriam-bendriss-mudibu\/#primaryimage","url":"https:\/\/photos.smugmug.com\/Region-Lovers\/Equipe\/i-2VkpKdc\/0\/DqDG7GbR6CxhqJq4M7VBQnSmkShv4QM9sWgTxgDm4\/L\/myriam-2-L.jpg","contentUrl":"https:\/\/photos.smugmug.com\/Region-Lovers\/Equipe\/i-2VkpKdc\/0\/DqDG7GbR6CxhqJq4M7VBQnSmkShv4QM9sWgTxgDm4\/L\/myriam-2-L.jpg"},{"@type":"BreadcrumbList","@id":"https:\/\/baleareslovers.com\/pt-pt\/myriam-bendriss-mudibu\/#breadcrumb","itemListElement":[{"@type":"ListItem","position":1,"name":"Accueil","item":"https:\/\/baleareslovers.com\/pt-pt\/"},{"@type":"ListItem","position":2,"name":"Sobre Myriam BENDRISS MUDIBU"}]},{"@type":"WebSite","@id":"https:\/\/baleareslovers.com\/pt-pt\/#website","url":"https:\/\/baleareslovers.com\/pt-pt\/","name":"Baleares Lovers","description":"","publisher":{"@id":"https:\/\/baleareslovers.com\/pt-pt\/#organization"},"potentialAction":[{"@type":"SearchAction","target":{"@type":"EntryPoint","urlTemplate":"https:\/\/baleareslovers.com\/pt-pt\/?s={search_term_string}"},"query-input":{"@type":"PropertyValueSpecification","valueRequired":true,"valueName":"search_term_string"}}],"inLanguage":"pt-PT"},{"@type":"Organization","@id":"https:\/\/baleareslovers.com\/pt-pt\/#organization","name":"Baleares Lovers","url":"https:\/\/baleareslovers.com\/pt-pt\/","logo":{"@type":"ImageObject","inLanguage":"pt-PT","@id":"https:\/\/baleareslovers.com\/pt-pt\/#\/schema\/logo\/image\/","url":"https:\/\/baleareslovers.com\/wp-content\/uploads\/2024\/05\/cropped-Baleares-Lovers-Logos.png","contentUrl":"https:\/\/baleareslovers.com\/wp-content\/uploads\/2024\/05\/cropped-Baleares-Lovers-Logos.png","width":2657,"height":456,"caption":"Baleares Lovers"},"image":{"@id":"https:\/\/baleareslovers.com\/pt-pt\/#\/schema\/logo\/image\/"}}]}},"featured_image_src":null,"featured_image_src_square":null,"_links":{"self":[{"href":"https:\/\/baleareslovers.com\/pt-pt\/wp-json\/wp\/v2\/pages\/112","targetHints":{"allow":["GET"]}}],"collection":[{"href":"https:\/\/baleareslovers.com\/pt-pt\/wp-json\/wp\/v2\/pages"}],"about":[{"href":"https:\/\/baleareslovers.com\/pt-pt\/wp-json\/wp\/v2\/types\/page"}],"author":[{"embeddable":true,"href":"https:\/\/baleareslovers.com\/pt-pt\/wp-json\/wp\/v2\/users\/1"}],"replies":[{"embeddable":true,"href":"https:\/\/baleareslovers.com\/pt-pt\/wp-json\/wp\/v2\/comments?post=112"}],"version-history":[{"count":0,"href":"https:\/\/baleareslovers.com\/pt-pt\/wp-json\/wp\/v2\/pages\/112\/revisions"}],"wp:attachment":[{"href":"https:\/\/baleareslovers.com\/pt-pt\/wp-json\/wp\/v2\/media?parent=112"}],"curies":[{"name":"wp","href":"https:\/\/api.w.org\/{rel}","templated":true}]}}