{"id":84,"date":"2024-05-08T13:22:32","date_gmt":"2024-05-08T13:22:32","guid":{"rendered":"https:\/\/baleareslovers.com\/om\/"},"modified":"2024-05-08T13:22:50","modified_gmt":"2024-05-08T13:22:50","slug":"om","status":"publish","type":"page","link":"https:\/\/baleareslovers.com\/sv\/om\/","title":{"rendered":"Om Baleares Lovers och Region Lovers"},"content":{"rendered":"\n<p>V\u00e4lkommen till v\u00e5r webbplats,<\/p>\n\n<p>F\u00f6rst och fr\u00e4mst, f\u00f6r att se till att du inte g\u00e5r vilse, Baleares <strong>Lovers <\/strong>\u00e4r <strong>Region<\/strong> Lovers webbplats till\u00e4gnad de magnifika Balearerna.<\/p>\n\n<p>Vi \u00e4r <strong>Claire och Emmanuel Robinson<\/strong>, en syster, en bror, en polyglott, en ord\u00e4lskare, en resen\u00e4r, en epikur\u00e9&#8230;<\/p>\n\n<p>Sedan 2013 har <a href=\"https:\/\/baleareslovers.com\/claire-robinson\/\" target=\"_blank\" rel=\"noreferrer noopener\">Claire<\/a> publicerat<strong> reseguider <\/strong>runt om i v\u00e4rlden som har blivit <strong>riktm\u00e4rken <\/strong>f\u00f6r alla som \u00e4lskar att resa. \u00c5r 2022 beslutade <a href=\"https:\/\/baleareslovers.com\/emmanuel-robinson\/\" target=\"_blank\" rel=\"noreferrer noopener\">Emmanuel<\/a> att tillsammans med henne grunda <strong>Region Lovers<\/strong>.<\/p>\n\n<p>V\u00e5rt m\u00e5l? Skapa <strong>s\u00e4rskilda destinationswebbplatser<\/strong> som \u00e4r utformade f\u00f6r att <strong>v\u00e4gleda dig i dina val<\/strong> genom<strong> kvalitetsinneh\u00e5ll<\/strong> (ingen sponsring, resor som faktiskt gjorts, strukturerade artiklar, &#8221;verkligt certifierad&#8221; garanti).<\/p>\n\n<figure class=\"wp-block-image size-large\"><img decoding=\"async\" src=\"https:\/\/corsicalovers.fr\/wp-content\/uploads\/2023\/03\/emmanuelclaire-1024x684.jpeg\" alt=\"\"\/><\/figure>\n\n<h2 class=\"wp-block-heading\">Ursprunget till Region Lovers<\/h2>\n\n<p>Region Lovers f\u00f6ddes i <strong>augusti 2022<\/strong> ur insikten att det var sv\u00e5rt f\u00f6r resen\u00e4rer att g\u00f6ra de <strong>val<\/strong> som skulle g\u00f6ra det m\u00f6jligt f\u00f6r dem att skapa en resa som <strong>passade<\/strong> dem.<\/p>\n\n<p>F\u00f6r mycket information, utspridd \u00f6ver en m\u00e4ngd olika plattformar, sponsrat inneh\u00e5ll som \u00e4r f\u00f6r bra f\u00f6r att vara sant, helt egocentriska ber\u00e4ttelser, webbplatser som \u00e4r ol\u00e4sliga eller inte uppdaterade&#8230;<\/p>\n\n<p>Vi letade efter ett <strong>nytt s\u00e4tt att blogga som var<\/strong> b\u00e5de mer anv\u00e4ndbart och mer etiskt, och som byggde p\u00e5 de l\u00e4rdomar vi dragit av Claires 10 \u00e5r av dagligt arbete. Du l\u00e4ser nu resultatet av allt detta arbete, och vi hoppas att vi har uppfyllt dina f\u00f6rv\u00e4ntningar!<\/p>\n\n<figure class=\"wp-block-image\"><img decoding=\"async\" src=\"https:\/\/photos.smugmug.com\/Travel\/France\/Le-Havre\/i-Gn4VmGp\/5\/c351a225\/L\/IMG_1679-L.jpg\" alt=\"\"\/><figcaption class=\"wp-element-caption\">Stranden vid Le Havre, som vi bes\u00f6kte m\u00e5nga g\u00e5nger f\u00f6r att skapa Region Lovers<\/figcaption><\/figure>\n\n<h2 class=\"wp-block-heading\">V\u00e5ra v\u00e4rderingar och \u00e5taganden<\/h2>\n\n<p>Som du kan se \u00e4r <strong>\u00e4kthet<\/strong> k\u00e4rnan i v\u00e5r strategi. Vi s\u00e4tter oss in i din situation och ber\u00e4ttar vad vi <strong>verkligen<\/strong> har sett och upplevt.<\/p>\n\n<p>Och f\u00f6r att s\u00e4kerst\u00e4lla att detta <strong>f\u00f6rtroendeavtal<\/strong> mellan dig och oss \u00e4r s\u00e5 starkt som m\u00f6jligt har vi \u00e5tagit oss att respektera <strong>10 \u00e5taganden<\/strong>:<\/p>\n\n<ol class=\"wp-block-list\">\n<li>Bes\u00f6k alla platser som vi ber\u00e4ttar om.<\/li>\n\n\n\n<li>F\u00f6r varje stad ska du bo p\u00e5 minst ett hotell och bes\u00f6ka de hotell som vi rekommenderar.<\/li>\n\n\n\n<li>F\u00f6r varje stad ska du \u00e4ta p\u00e5 minst en restaurang och bes\u00f6ka de restauranger som vi v\u00e4ljer ut.<\/li>\n\n\n\n<li>Betala alla v\u00e5ra fakturor till fullo och tacka nej till alla partnerskap och all sponsring.<\/li>\n\n\n\n<li>Uppdatera v\u00e5ra artiklar med j\u00e4mna mellanrum med hj\u00e4lp av v\u00e5ra l\u00e4sare.<\/li>\n\n\n\n<li>Berika v\u00e5ra artiklar med v\u00e5ra f\u00f6rstahandserfarenheter.<\/li>\n\n\n\n<li>Anv\u00e4nda 99 % av v\u00e5ra egna foton.<\/li>\n\n\n\n<li>Att anv\u00e4nda AI-verktyget p\u00e5 ett genomt\u00e4nkt och transparent s\u00e4tt, d\u00e4r vi tillf\u00f6r v\u00e5r lokalt verifierade information.<\/li>\n\n\n\n<li>Ge information om paret resen\u00e4r\/f\u00f6rfattare som gav upphov till artikeln.<\/li>\n\n\n\n<li>Ber\u00e4tta vad vi g\u00f6r och g\u00f6r vad vi s\u00e4ger!<\/li>\n<\/ol>\n\n<figure class=\"wp-block-image\"><img decoding=\"async\" src=\"https:\/\/photos.smugmug.com\/Normandie-Lovers\/Normandie-Lovers\/i-42FF9B3\/0\/b1f6302b\/L\/facture_restaurant_normandy-L.jpg\" alt=\"Restaurangr&#xE4;kning\"\/><figcaption class=\"wp-element-caption\">Priset f\u00f6r v\u00e5r yttrandefrihet!<\/figcaption><\/figure>\n\n<h2 class=\"wp-block-heading\">Region Lovers team: expertis och passion<\/h2>\n\n<p>Vi b\u00f6rjade i Normandie. Vad kan vara mer logiskt n\u00e4r man \u00e4r f\u00f6dd d\u00e4r och bor d\u00e4r igen idag! N\u00e4r vi var n\u00f6jda med resultatet best\u00e4mde vi oss f\u00f6r att b\u00f6rja v\u00e4xa, steg f\u00f6r steg, f\u00f6r att kunna erbjuda dig nya destinationer.<\/p>\n\n<ul class=\"wp-block-list\">\n<li><a href=\"https:\/\/regionlovers.fr\" target=\"_blank\" rel=\"noreferrer noopener\">Uppt\u00e4ck alla destinationer som erbjuds av Region Lovers<\/a><\/li>\n<\/ul>\n\n<p>F\u00f6r att uppn\u00e5 detta har teamet vuxit samtidigt som vi har beh\u00e5llit samma h\u00f6ga krav p\u00e5 inneh\u00e5llskvalitet och respekt f\u00f6r de v\u00e4rderingar som v\u00e4gleder oss varje dag.<\/p>\n\n<figure class=\"wp-block-image size-large\"><a href=\"https:\/\/loirelovers.fr\/fanny-auffret\/\" target=\"_blank\" rel=\"noreferrer noopener\"><img decoding=\"async\" src=\"https:\/\/photos.smugmug.com\/Region-Lovers\/Generique\/i-MR3r4Sx\/0\/4eb3a015\/L\/_GAB2628-L.jpg\" alt=\"\"\/><\/a><figcaption class=\"wp-element-caption\">Fanny, Elisa och Myriam<\/figcaption><\/figure>\n\n<ul class=\"wp-block-list\">\n<li><a href=\"https:\/\/regionlovers.fr\/equipe\/\" target=\"_blank\" rel=\"noreferrer noopener\">M\u00f6t hela Region Lovers-teamet<\/a><\/li>\n<\/ul>\n\n<h3 class=\"wp-block-heading\">Region Lovers: Hur fungerar det?<\/h3>\n\n<p>Varje medlem i teamet f\u00e5r en <strong>grundlig utbildning <\/strong>i resande och skrivande (det \u00e4r inte s\u00e5 l\u00e4tt som det l\u00e5ter!), baserad p\u00e5 allt vi har l\u00e4rt oss under v\u00e5ra 10 \u00e5r som bloggare och v\u00e5ra m\u00e5nga resor runt om i v\u00e4rlden.<\/p>\n\n<p>N\u00e4r vi best\u00e4mmer oss f\u00f6r att skapa en webbplats om en region skickar vi en eller flera medlemmar av teamet att tillbringa flera veckor i <strong>omr\u00e5det<\/strong> f\u00f6r att samla information, ta bilder och testa hotell och restauranger.<\/p>\n<div class=\"wp-block-image\">\n<figure class=\"aligncenter\"><img decoding=\"async\" src=\"https:\/\/photos.smugmug.com\/Vallee-loire\/Loire-lovers\/i-C72BN6G\/0\/5b34e182\/L\/loire-lovers-emmanuel-2-L.jpg\" alt=\"\"\/><figcaption class=\"wp-element-caption\">Farliga bildrapporter!<\/figcaption><\/figure>\n<\/div>\n<p>N\u00e4r resen\u00e4rerna kommer tillbaka rapporterar de troget sina <strong>intryck, favoriter och l\u00e4rdomar<\/strong> till resten av teamet, och tillsammans skriver de artiklarna f\u00f6r att ge dig kvalitetsinneh\u00e5ll.<\/p>\n\n<p>Och slutligen \u00e5terv\u00e4nder vi <strong>regelbundet<\/strong> till de dokumenterade webbplatserna f\u00f6r att s\u00e4kerst\u00e4lla att v\u00e5r information fortfarande \u00e4r korrekt!<\/p>\n\n<h2 class=\"wp-block-heading\">Vad lever Region Lovers av?<\/h2>\n\n<p>F\u00f6r att vi ska kunna forts\u00e4tta att ge dig s\u00e5 mycket information som m\u00f6jligt r\u00e4knar vi med <strong>dig<\/strong>:<\/p>\n\n<ul class=\"wp-block-list\">\n<li>Genom att k\u00f6pa en av v\u00e5ra<strong> guider<\/strong>.<\/li>\n\n\n\n<li>Genom att v\u00e4lja <strong>hotell<\/strong>, <strong>hyrbil <\/strong>, <strong>aktivitet eller resa<\/strong> via en av v\u00e5ra affiliate-l\u00e4nkar (i vilket fall vi f\u00e5r en liten del av plattformens provision).<\/li>\n<\/ul>\n\n<p><a href=\"https:\/\/baleareslovers.com\/sv\/?page_id=49\" target=\"_blank\" rel=\"noreferrer noopener\">Kontakta oss<\/a><\/p>\n","protected":false},"excerpt":{"rendered":"<p>V\u00e4lkommen till v\u00e5r webbplats, F\u00f6rst och fr\u00e4mst, f\u00f6r att se till att du inte g\u00e5r vilse, Baleares Lovers \u00e4r Region Lovers webbplats till\u00e4gnad de magnifika Balearerna. Vi \u00e4r Claire och Emmanuel Robinson, en syster, en bror, en polyglott, en ord\u00e4lskare, en resen\u00e4r, en epikur\u00e9&#8230; Sedan 2013 har Claire publicerat reseguider runt om i v\u00e4rlden som [&hellip;]<\/p>\n","protected":false},"author":1,"featured_media":0,"parent":0,"menu_order":0,"comment_status":"closed","ping_status":"closed","template":"","meta":{"_genesis_hide_title":false,"_genesis_hide_breadcrumbs":false,"_genesis_hide_singular_image":false,"_genesis_hide_footer_widgets":false,"_genesis_custom_body_class":"","_genesis_custom_post_class":"","_genesis_layout":"","footnotes":""},"class_list":{"0":"post-84","1":"page","2":"type-page","3":"status-publish","5":"entry"},"yoast_head":"<!-- This site is optimized with the Yoast SEO plugin v25.1 - https:\/\/yoast.com\/wordpress\/plugins\/seo\/ -->\n<title>Om Baleares Lovers och Region Lovers<\/title>\n<meta name=\"description\" content=\"Ta reda p\u00e5 mer om Baleares Lovers, en webbplats f\u00f6r Region Lovers: skapande, etik, inneh\u00e5ll, team ...\" \/>\n<meta name=\"robots\" content=\"index, follow, max-snippet:-1, max-image-preview:large, max-video-preview:-1\" \/>\n<link rel=\"canonical\" href=\"https:\/\/baleareslovers.com\/sv\/om\/\" \/>\n<meta property=\"og:locale\" content=\"sv_SE\" \/>\n<meta property=\"og:type\" content=\"article\" \/>\n<meta property=\"og:title\" content=\"Om Baleares Lovers och Region Lovers\" \/>\n<meta property=\"og:description\" content=\"Ta reda p\u00e5 mer om Baleares Lovers, en webbplats f\u00f6r Region Lovers: skapande, etik, inneh\u00e5ll, team ...\" \/>\n<meta property=\"og:url\" content=\"https:\/\/baleareslovers.com\/sv\/om\/\" \/>\n<meta property=\"og:site_name\" content=\"Baleares Lovers\" \/>\n<meta property=\"article:modified_time\" content=\"2024-05-08T13:22:50+00:00\" \/>\n<meta property=\"og:image\" content=\"https:\/\/corsicalovers.fr\/wp-content\/uploads\/2023\/03\/emmanuelclaire-1024x684.jpeg\" \/>\n<meta name=\"twitter:card\" content=\"summary_large_image\" \/>\n<meta name=\"twitter:label1\" content=\"Ber\u00e4knad l\u00e4stid\" \/>\n\t<meta name=\"twitter:data1\" content=\"4 minuter\" \/>\n<script type=\"application\/ld+json\" class=\"yoast-schema-graph\">{\"@context\":\"https:\/\/schema.org\",\"@graph\":[{\"@type\":\"WebPage\",\"@id\":\"https:\/\/baleareslovers.com\/sv\/om\/\",\"url\":\"https:\/\/baleareslovers.com\/sv\/om\/\",\"name\":\"Om Baleares Lovers och Region Lovers\",\"isPartOf\":{\"@id\":\"https:\/\/baleareslovers.com\/sv\/#website\"},\"primaryImageOfPage\":{\"@id\":\"https:\/\/baleareslovers.com\/sv\/om\/#primaryimage\"},\"image\":{\"@id\":\"https:\/\/baleareslovers.com\/sv\/om\/#primaryimage\"},\"thumbnailUrl\":\"https:\/\/corsicalovers.fr\/wp-content\/uploads\/2023\/03\/emmanuelclaire-1024x684.jpeg\",\"datePublished\":\"2024-05-08T13:22:32+00:00\",\"dateModified\":\"2024-05-08T13:22:50+00:00\",\"description\":\"Ta reda p\u00e5 mer om Baleares Lovers, en webbplats f\u00f6r Region Lovers: skapande, etik, inneh\u00e5ll, team ...\",\"breadcrumb\":{\"@id\":\"https:\/\/baleareslovers.com\/sv\/om\/#breadcrumb\"},\"inLanguage\":\"sv-SE\",\"potentialAction\":[{\"@type\":\"ReadAction\",\"target\":[\"https:\/\/baleareslovers.com\/sv\/om\/\"]}]},{\"@type\":\"ImageObject\",\"inLanguage\":\"sv-SE\",\"@id\":\"https:\/\/baleareslovers.com\/sv\/om\/#primaryimage\",\"url\":\"https:\/\/corsicalovers.fr\/wp-content\/uploads\/2023\/03\/emmanuelclaire-1024x684.jpeg\",\"contentUrl\":\"https:\/\/corsicalovers.fr\/wp-content\/uploads\/2023\/03\/emmanuelclaire-1024x684.jpeg\"},{\"@type\":\"BreadcrumbList\",\"@id\":\"https:\/\/baleareslovers.com\/sv\/om\/#breadcrumb\",\"itemListElement\":[{\"@type\":\"ListItem\",\"position\":1,\"name\":\"Accueil\",\"item\":\"https:\/\/baleareslovers.com\/sv\/\"},{\"@type\":\"ListItem\",\"position\":2,\"name\":\"Om Baleares Lovers och Region Lovers\"}]},{\"@type\":\"WebSite\",\"@id\":\"https:\/\/baleareslovers.com\/sv\/#website\",\"url\":\"https:\/\/baleareslovers.com\/sv\/\",\"name\":\"Baleares Lovers\",\"description\":\"\",\"publisher\":{\"@id\":\"https:\/\/baleareslovers.com\/sv\/#organization\"},\"potentialAction\":[{\"@type\":\"SearchAction\",\"target\":{\"@type\":\"EntryPoint\",\"urlTemplate\":\"https:\/\/baleareslovers.com\/sv\/?s={search_term_string}\"},\"query-input\":{\"@type\":\"PropertyValueSpecification\",\"valueRequired\":true,\"valueName\":\"search_term_string\"}}],\"inLanguage\":\"sv-SE\"},{\"@type\":\"Organization\",\"@id\":\"https:\/\/baleareslovers.com\/sv\/#organization\",\"name\":\"Baleares Lovers\",\"url\":\"https:\/\/baleareslovers.com\/sv\/\",\"logo\":{\"@type\":\"ImageObject\",\"inLanguage\":\"sv-SE\",\"@id\":\"https:\/\/baleareslovers.com\/sv\/#\/schema\/logo\/image\/\",\"url\":\"https:\/\/baleareslovers.com\/wp-content\/uploads\/2024\/05\/cropped-Baleares-Lovers-Logos.png\",\"contentUrl\":\"https:\/\/baleareslovers.com\/wp-content\/uploads\/2024\/05\/cropped-Baleares-Lovers-Logos.png\",\"width\":2657,\"height\":456,\"caption\":\"Baleares Lovers\"},\"image\":{\"@id\":\"https:\/\/baleareslovers.com\/sv\/#\/schema\/logo\/image\/\"}}]}<\/script>\n<!-- \/ Yoast SEO plugin. -->","yoast_head_json":{"title":"Om Baleares Lovers och Region Lovers","description":"Ta reda p\u00e5 mer om Baleares Lovers, en webbplats f\u00f6r Region Lovers: skapande, etik, inneh\u00e5ll, team ...","robots":{"index":"index","follow":"follow","max-snippet":"max-snippet:-1","max-image-preview":"max-image-preview:large","max-video-preview":"max-video-preview:-1"},"canonical":"https:\/\/baleareslovers.com\/sv\/om\/","og_locale":"sv_SE","og_type":"article","og_title":"Om Baleares Lovers och Region Lovers","og_description":"Ta reda p\u00e5 mer om Baleares Lovers, en webbplats f\u00f6r Region Lovers: skapande, etik, inneh\u00e5ll, team ...","og_url":"https:\/\/baleareslovers.com\/sv\/om\/","og_site_name":"Baleares Lovers","article_modified_time":"2024-05-08T13:22:50+00:00","og_image":[{"url":"https:\/\/corsicalovers.fr\/wp-content\/uploads\/2023\/03\/emmanuelclaire-1024x684.jpeg","type":"","width":"","height":""}],"twitter_card":"summary_large_image","twitter_misc":{"Ber\u00e4knad l\u00e4stid":"4 minuter"},"schema":{"@context":"https:\/\/schema.org","@graph":[{"@type":"WebPage","@id":"https:\/\/baleareslovers.com\/sv\/om\/","url":"https:\/\/baleareslovers.com\/sv\/om\/","name":"Om Baleares Lovers och Region Lovers","isPartOf":{"@id":"https:\/\/baleareslovers.com\/sv\/#website"},"primaryImageOfPage":{"@id":"https:\/\/baleareslovers.com\/sv\/om\/#primaryimage"},"image":{"@id":"https:\/\/baleareslovers.com\/sv\/om\/#primaryimage"},"thumbnailUrl":"https:\/\/corsicalovers.fr\/wp-content\/uploads\/2023\/03\/emmanuelclaire-1024x684.jpeg","datePublished":"2024-05-08T13:22:32+00:00","dateModified":"2024-05-08T13:22:50+00:00","description":"Ta reda p\u00e5 mer om Baleares Lovers, en webbplats f\u00f6r Region Lovers: skapande, etik, inneh\u00e5ll, team ...","breadcrumb":{"@id":"https:\/\/baleareslovers.com\/sv\/om\/#breadcrumb"},"inLanguage":"sv-SE","potentialAction":[{"@type":"ReadAction","target":["https:\/\/baleareslovers.com\/sv\/om\/"]}]},{"@type":"ImageObject","inLanguage":"sv-SE","@id":"https:\/\/baleareslovers.com\/sv\/om\/#primaryimage","url":"https:\/\/corsicalovers.fr\/wp-content\/uploads\/2023\/03\/emmanuelclaire-1024x684.jpeg","contentUrl":"https:\/\/corsicalovers.fr\/wp-content\/uploads\/2023\/03\/emmanuelclaire-1024x684.jpeg"},{"@type":"BreadcrumbList","@id":"https:\/\/baleareslovers.com\/sv\/om\/#breadcrumb","itemListElement":[{"@type":"ListItem","position":1,"name":"Accueil","item":"https:\/\/baleareslovers.com\/sv\/"},{"@type":"ListItem","position":2,"name":"Om Baleares Lovers och Region Lovers"}]},{"@type":"WebSite","@id":"https:\/\/baleareslovers.com\/sv\/#website","url":"https:\/\/baleareslovers.com\/sv\/","name":"Baleares Lovers","description":"","publisher":{"@id":"https:\/\/baleareslovers.com\/sv\/#organization"},"potentialAction":[{"@type":"SearchAction","target":{"@type":"EntryPoint","urlTemplate":"https:\/\/baleareslovers.com\/sv\/?s={search_term_string}"},"query-input":{"@type":"PropertyValueSpecification","valueRequired":true,"valueName":"search_term_string"}}],"inLanguage":"sv-SE"},{"@type":"Organization","@id":"https:\/\/baleareslovers.com\/sv\/#organization","name":"Baleares Lovers","url":"https:\/\/baleareslovers.com\/sv\/","logo":{"@type":"ImageObject","inLanguage":"sv-SE","@id":"https:\/\/baleareslovers.com\/sv\/#\/schema\/logo\/image\/","url":"https:\/\/baleareslovers.com\/wp-content\/uploads\/2024\/05\/cropped-Baleares-Lovers-Logos.png","contentUrl":"https:\/\/baleareslovers.com\/wp-content\/uploads\/2024\/05\/cropped-Baleares-Lovers-Logos.png","width":2657,"height":456,"caption":"Baleares Lovers"},"image":{"@id":"https:\/\/baleareslovers.com\/sv\/#\/schema\/logo\/image\/"}}]}},"featured_image_src":null,"featured_image_src_square":null,"_links":{"self":[{"href":"https:\/\/baleareslovers.com\/sv\/wp-json\/wp\/v2\/pages\/84","targetHints":{"allow":["GET"]}}],"collection":[{"href":"https:\/\/baleareslovers.com\/sv\/wp-json\/wp\/v2\/pages"}],"about":[{"href":"https:\/\/baleareslovers.com\/sv\/wp-json\/wp\/v2\/types\/page"}],"author":[{"embeddable":true,"href":"https:\/\/baleareslovers.com\/sv\/wp-json\/wp\/v2\/users\/1"}],"replies":[{"embeddable":true,"href":"https:\/\/baleareslovers.com\/sv\/wp-json\/wp\/v2\/comments?post=84"}],"version-history":[{"count":0,"href":"https:\/\/baleareslovers.com\/sv\/wp-json\/wp\/v2\/pages\/84\/revisions"}],"wp:attachment":[{"href":"https:\/\/baleareslovers.com\/sv\/wp-json\/wp\/v2\/media?parent=84"}],"curies":[{"name":"wp","href":"https:\/\/api.w.org\/{rel}","templated":true}]}}